{"id":10309,"date":"2021-10-09T17:58:55","date_gmt":"2021-10-09T17:58:55","guid":{"rendered":"https:\/\/www.andec.com.ec\/?page_id=10309"},"modified":"2026-04-15T12:31:06","modified_gmt":"2026-04-15T17:31:06","slug":"nuestra-historia","status":"publish","type":"page","link":"https:\/\/www.andec.com.ec\/en\/nuestra-historia\/","title":{"rendered":"Nuestra Historia"},"content":{"rendered":"<div data-elementor-type=\"wp-page\" data-elementor-id=\"10309\" class=\"elementor elementor-10309\" data-elementor-settings=\"[]\">\n\t\t\t\t\t\t\t<div class=\"elementor-section-wrap\">\n\t\t\t\t\t\t\t<section class=\"elementor-section elementor-top-section elementor-element elementor-element-13b6abc elementor-section-height-min-height elementor-section-stretched elementor-section-boxed elementor-section-height-default elementor-section-items-middle mkdf-parallax-row-no mkdf-content-aligment-left mkdf-elementor-row-grid-no mkdf-disabled-bg-image-bellow-no mkdf-row-btt-light\" data-id=\"13b6abc\" data-element_type=\"section\" data-settings=\"{&quot;stretch_section&quot;:&quot;section-stretched&quot;,&quot;background_background&quot;:&quot;classic&quot;}\">\n\t\t\t\t\t\t<div class=\"elementor-container elementor-column-gap-default\">\n\t\t\t\t\t<div class=\"elementor-column elementor-col-100 elementor-top-column elementor-element elementor-element-3b66fc6b\" data-id=\"3b66fc6b\" data-element_type=\"column\">\n\t\t\t<div class=\"elementor-widget-wrap elementor-element-populated\">\n\t\t\t\t\t\t\t\t<div class=\"elementor-element elementor-element-539d8ad7 elementor-widget elementor-widget-heading\" data-id=\"539d8ad7\" data-element_type=\"widget\" data-widget_type=\"heading.default\">\n\t\t\t\t<div class=\"elementor-widget-container\">\n\t\t\t<h1 class=\"elementor-heading-title elementor-size-default\">NUESTRA HISTORIA<\/h1>\t\t<\/div>\n\t\t\t\t<\/div>\n\t\t\t\t<div class=\"elementor-element elementor-element-8780523 elementor-widget-divider--view-line elementor-widget elementor-widget-divider\" data-id=\"8780523\" data-element_type=\"widget\" data-widget_type=\"divider.default\">\n\t\t\t\t<div class=\"elementor-widget-container\">\n\t\t\t\t\t<div class=\"elementor-divider\">\n\t\t\t<span class=\"elementor-divider-separator\">\n\t\t\t\t\t\t<\/span>\n\t\t<\/div>\n\t\t\t\t<\/div>\n\t\t\t\t<\/div>\n\t\t\t\t\t<\/div>\n\t\t<\/div>\n\t\t\t\t\t\t\t<\/div>\n\t\t<\/section>\n\t\t\t\t<div class=\"elementor-section elementor-top-section elementor-element elementor-element-852ed7b elementor-section-stretched elementor-section-boxed elementor-section-height-default elementor-section-height-default mkdf-parallax-row-no mkdf-content-aligment-left mkdf-elementor-row-grid-no mkdf-disabled-bg-image-bellow-no mkdf-row-btt-light\" data-id=\"852ed7b\" data-element_type=\"section\" data-settings=\"{&quot;stretch_section&quot;:&quot;section-stretched&quot;}\">\n\t\t\t\t\t\t\t<div class=\"elementor-background-overlay\"><\/div>\n\t\t\t\t\t\t\t<div class=\"elementor-container elementor-column-gap-default\">\n\t\t\t\t\t<div class=\"elementor-column elementor-col-50 elementor-top-column elementor-element elementor-element-85907e6 elementor-invisible\" data-id=\"85907e6\" data-element_type=\"column\" data-settings=\"{&quot;animation&quot;:&quot;bounceInLeft&quot;}\">\n\t\t\t<div class=\"elementor-widget-wrap elementor-element-populated\">\n\t\t\t\t\t\t\t\t<div class=\"elementor-element elementor-element-a7936cd elementor-widget elementor-widget-heading\" data-id=\"a7936cd\" data-element_type=\"widget\" data-widget_type=\"heading.default\">\n\t\t\t\t<div class=\"elementor-widget-container\">\n\t\t\t<span class=\"elementor-heading-title elementor-size-default\">ANDEC, Acer\u00edas Nacionales del Ecuador, constituida en el a\u00f1o 1964, brinda al pa\u00eds el ingrediente que ha posibilitado un importante impulso al desarrollo de la Industria Sider\u00fargica Nacional. Para mediados de los a\u00f1os 80, la empresa ya hab\u00eda diversificado su producci\u00f3n, gracias a la adquisici\u00f3n de un tren laminador.\nEn Julio de 1984, la Direcci\u00f3n de Industrias del Ej\u00e9rcito (DINE) adquiere la mayor parte del paquete accionario con la visi\u00f3n de modernizar la planta industrial, optimizar los recursos, aumentar la producci\u00f3n e incrementar su participaci\u00f3n en el mercado.\n\n<\/span>\t\t<\/div>\n\t\t\t\t<\/div>\n\t\t\t\t<div class=\"elementor-element elementor-element-66a2ad4 elementor-widget elementor-widget-image\" data-id=\"66a2ad4\" data-element_type=\"widget\" data-widget_type=\"image.default\">\n\t\t\t\t<div class=\"elementor-widget-container\">\n\t\t\t\t\t\t\t\t\t\t\t\t\t\t\t<img loading=\"lazy\" decoding=\"async\" width=\"400\" height=\"400\" src=\"https:\/\/www.andec.com.ec\/wp-content\/uploads\/2021\/10\/historia-2.png\" class=\"attachment-large size-large\" alt=\"\" srcset=\"https:\/\/www.andec.com.ec\/wp-content\/uploads\/2021\/10\/historia-2.png 400w, https:\/\/www.andec.com.ec\/wp-content\/uploads\/2021\/10\/historia-2-300x300.png 300w, https:\/\/www.andec.com.ec\/wp-content\/uploads\/2021\/10\/historia-2-150x150.png 150w, https:\/\/www.andec.com.ec\/wp-content\/uploads\/2021\/10\/historia-2-100x100.png 100w\" sizes=\"auto, (max-width: 400px) 100vw, 400px\" \/>\t\t\t\t\t\t\t\t\t\t\t\t\t\t\t<\/div>\n\t\t\t\t<\/div>\n\t\t\t\t\t<\/div>\n\t\t<\/div>\n\t\t\t\t<div class=\"elementor-column elementor-col-50 elementor-top-column elementor-element elementor-element-9798a52 elementor-invisible\" data-id=\"9798a52\" data-element_type=\"column\" data-settings=\"{&quot;animation&quot;:&quot;bounceInRight&quot;}\">\n\t\t\t<div class=\"elementor-widget-wrap elementor-element-populated\">\n\t\t\t\t\t\t\t\t<div class=\"elementor-element elementor-element-c48636b elementor-widget elementor-widget-image\" data-id=\"c48636b\" data-element_type=\"widget\" data-widget_type=\"image.default\">\n\t\t\t\t<div class=\"elementor-widget-container\">\n\t\t\t\t\t\t\t\t\t\t\t\t\t\t\t<img loading=\"lazy\" decoding=\"async\" width=\"400\" height=\"400\" src=\"https:\/\/www.andec.com.ec\/wp-content\/uploads\/2021\/10\/historia-1.png\" class=\"attachment-large size-large\" alt=\"nuestra historia\" srcset=\"https:\/\/www.andec.com.ec\/wp-content\/uploads\/2021\/10\/historia-1.png 400w, https:\/\/www.andec.com.ec\/wp-content\/uploads\/2021\/10\/historia-1-300x300.png 300w, https:\/\/www.andec.com.ec\/wp-content\/uploads\/2021\/10\/historia-1-150x150.png 150w, https:\/\/www.andec.com.ec\/wp-content\/uploads\/2021\/10\/historia-1-100x100.png 100w\" sizes=\"auto, (max-width: 400px) 100vw, 400px\" \/>\t\t\t\t\t\t\t\t\t\t\t\t\t\t\t<\/div>\n\t\t\t\t<\/div>\n\t\t\t\t<div class=\"elementor-element elementor-element-209408d elementor-widget elementor-widget-heading\" data-id=\"209408d\" data-element_type=\"widget\" data-widget_type=\"heading.default\">\n\t\t\t\t<div class=\"elementor-widget-container\">\n\t\t\t<span class=\"elementor-heading-title elementor-size-default\">El proceso de certificaci\u00f3n ISO 9001, en 1997. Fue una decisi\u00f3n pionera, para una \u00e9poca en la que muy pocas industrias ecuatorianas lo consideraban necesario. La implementaci\u00f3n de tecnolog\u00eda de punta increment\u00f3 la producci\u00f3n, adem\u00e1s con la incorporaci\u00f3n de nuevos procedimientos en la Gesti\u00f3n de Calidad hicieron que ANDEC logre la Certificaci\u00f3n ISO 9001, el 22 de febrero de 2001. Para continuar con dicho proceso, el 31 de julio de 2003, la empresa alcanz\u00f3 la Certificaci\u00f3n ISO 9001:2000 y completado su proceso de certificaci\u00f3n del SGI Sistema Integrado de Gesti\u00f3n, incorporando a su sistema de calidad, las normas ISO 14001 y OHSAS 18001.\nDesde el 2025, contamos con las certificaciones 9001-2015, 14001 - 2015, 45001 - 2018.<\/span>\t\t<\/div>\n\t\t\t\t<\/div>\n\t\t\t\t\t<\/div>\n\t\t<\/div>\n\t\t\t\t\t\t\t<\/div>\n\t\t<\/div>\n\t\t\t\t<div class=\"elementor-section elementor-top-section elementor-element elementor-element-c864298 elementor-section-full_width elementor-section-stretched elementor-section-height-default elementor-section-height-default mkdf-parallax-row-no mkdf-content-aligment-left mkdf-elementor-row-grid-no mkdf-disabled-bg-image-bellow-no mkdf-row-btt-light\" data-id=\"c864298\" data-element_type=\"section\" data-settings=\"{&quot;stretch_section&quot;:&quot;section-stretched&quot;}\">\n\t\t\t\t\t\t<div class=\"elementor-container elementor-column-gap-default\">\n\t\t\t\t\t<div class=\"elementor-column elementor-col-100 elementor-top-column elementor-element elementor-element-f888ee7\" data-id=\"f888ee7\" data-element_type=\"column\">\n\t\t\t<div class=\"elementor-widget-wrap elementor-element-populated\">\n\t\t\t\t\t\t\t\t<div class=\"elementor-element elementor-element-6d794eb elementor-widget elementor-widget-image\" data-id=\"6d794eb\" data-element_type=\"widget\" data-widget_type=\"image.default\">\n\t\t\t\t<div class=\"elementor-widget-container\">\n\t\t\t\t\t\t\t\t\t\t\t\t\t\t\t<img loading=\"lazy\" decoding=\"async\" width=\"1920\" height=\"400\" src=\"https:\/\/www.andec.com.ec\/wp-content\/uploads\/2021\/10\/BANER-FOOT-NUESTRA-HISTORIA.jpg\" class=\"attachment-full size-full\" alt=\"\" srcset=\"https:\/\/www.andec.com.ec\/wp-content\/uploads\/2021\/10\/BANER-FOOT-NUESTRA-HISTORIA.jpg 1920w, https:\/\/www.andec.com.ec\/wp-content\/uploads\/2021\/10\/BANER-FOOT-NUESTRA-HISTORIA-300x63.jpg 300w, https:\/\/www.andec.com.ec\/wp-content\/uploads\/2021\/10\/BANER-FOOT-NUESTRA-HISTORIA-1024x213.jpg 1024w, https:\/\/www.andec.com.ec\/wp-content\/uploads\/2021\/10\/BANER-FOOT-NUESTRA-HISTORIA-768x160.jpg 768w, https:\/\/www.andec.com.ec\/wp-content\/uploads\/2021\/10\/BANER-FOOT-NUESTRA-HISTORIA-1536x320.jpg 1536w, https:\/\/www.andec.com.ec\/wp-content\/uploads\/2021\/10\/BANER-FOOT-NUESTRA-HISTORIA-600x125.jpg 600w\" sizes=\"auto, (max-width: 1920px) 100vw, 1920px\" \/>\t\t\t\t\t\t\t\t\t\t\t\t\t\t\t<\/div>\n\t\t\t\t<\/div>\n\t\t\t\t\t<\/div>\n\t\t<\/div>\n\t\t\t\t\t\t\t<\/div>\n\t\t<\/div>\n\t\t\t\t<section class=\"elementor-section elementor-top-section elementor-element elementor-element-6cd9ef3 elementor-hidden-desktop elementor-hidden-tablet elementor-hidden-mobile elementor-section-boxed elementor-section-height-default elementor-section-height-default mkdf-parallax-row-no mkdf-content-aligment-left mkdf-elementor-row-grid-no mkdf-disabled-bg-image-bellow-no mkdf-row-btt-light\" data-id=\"6cd9ef3\" data-element_type=\"section\">\n\t\t\t\t\t\t<div class=\"elementor-container elementor-column-gap-default\">\n\t\t\t\t\t<div class=\"elementor-column elementor-col-100 elementor-top-column elementor-element elementor-element-96c304c\" data-id=\"96c304c\" data-element_type=\"column\">\n\t\t\t<div class=\"elementor-widget-wrap elementor-element-populated\">\n\t\t\t\t\t\t\t\t<div class=\"elementor-element elementor-element-c7eac87 elementor-widget elementor-widget-text-editor\" data-id=\"c7eac87\" data-element_type=\"widget\" data-widget_type=\"text-editor.default\">\n\t\t\t\t<div class=\"elementor-widget-container\">\n\t\t\t\t\t\t\t<p><a href=\"https:\/\/www.andec.com.ec\/en\/nuestra-historia\/\">la empresa<\/a><\/p><p><a href=\"https:\/\/www.instagram.com\/andec_sa\/\" rel=\"noopener\">s\u00edguenos<\/a><\/p>\t\t\t\t\t\t<\/div>\n\t\t\t\t<\/div>\n\t\t\t\t<div class=\"elementor-element elementor-element-475b064 elementor-widget elementor-widget-heading\" data-id=\"475b064\" data-element_type=\"widget\" data-widget_type=\"heading.default\">\n\t\t\t\t<div class=\"elementor-widget-container\">\n\t\t\t<h2 class=\"elementor-heading-title elementor-size-default\">nuestra historia<\/h2>\t\t<\/div>\n\t\t\t\t<\/div>\n\t\t\t\t\t<\/div>\n\t\t<\/div>\n\t\t\t\t\t\t\t<\/div>\n\t\t<\/section>\n\t\t\t\t\t\t<\/div>\n\t\t\t\t\t<\/div>","protected":false},"excerpt":{"rendered":"<p>NUESTRA HISTORIA ANDEC, Acer\u00edas Nacionales del Ecuador, constituida en el a\u00f1o 1964, brinda al pa\u00eds el ingrediente que ha posibilitado un importante impulso al desarrollo de la Industria Sider\u00fargica Nacional. Para mediados de los a\u00f1os 80, la empresa ya hab\u00eda diversificado su producci\u00f3n, gracias a la adquisici\u00f3n de un tren laminador. En Julio de 1984, la Direcci\u00f3n de Industrias del Ej\u00e9rcito (DINE) adquiere la mayor parte del paquete accionario con la visi\u00f3n de modernizar la planta industrial, optimizar los recursos, aumentar la producci\u00f3n e incrementar su participaci\u00f3n en el mercado. El proceso de certificaci\u00f3n ISO 9001, en 1997. Fue una decisi\u00f3n pionera, para una \u00e9poca en la que muy pocas industrias ecuatorianas lo consideraban necesario. La implementaci\u00f3n de tecnolog\u00eda de punta increment\u00f3 la producci\u00f3n, adem\u00e1s con la incorporaci\u00f3n de nuevos procedimientos en la Gesti\u00f3n de Calidad hicieron que ANDEC logre la Certificaci\u00f3n ISO 9001, el 22 de febrero de 2001. Para continuar con dicho proceso, el 31 de julio de 2003, la empresa alcanz\u00f3 la Certificaci\u00f3n ISO 9001:2000 y completado su proceso de certificaci\u00f3n del SGI Sistema Integrado de Gesti\u00f3n, incorporando a su sistema de calidad, las normas ISO 14001 y OHSAS 18001. Desde el 2025, contamos con las certificaciones 9001-2015, 14001 &#8211; 2015, 45001 &#8211; 2018. la empresa s\u00edguenos nuestra historia<\/p>","protected":false},"author":1,"featured_media":0,"parent":0,"menu_order":0,"comment_status":"closed","ping_status":"closed","template":"elementor_header_footer","meta":{"_monsterinsights_skip_tracking":false,"_monsterinsights_sitenote_active":false,"_monsterinsights_sitenote_note":"","_monsterinsights_sitenote_category":0,"_expiration-date-status":"","_expiration-date":0,"_expiration-date-type":"","_expiration-date-categories":[],"_expiration-date-options":[],"_joinchat":[],"footnotes":""},"class_list":["post-10309","page","type-page","status-publish","hentry"],"_links":{"self":[{"href":"https:\/\/www.andec.com.ec\/en\/wp-json\/wp\/v2\/pages\/10309","targetHints":{"allow":["GET"]}}],"collection":[{"href":"https:\/\/www.andec.com.ec\/en\/wp-json\/wp\/v2\/pages"}],"about":[{"href":"https:\/\/www.andec.com.ec\/en\/wp-json\/wp\/v2\/types\/page"}],"author":[{"embeddable":true,"href":"https:\/\/www.andec.com.ec\/en\/wp-json\/wp\/v2\/users\/1"}],"replies":[{"embeddable":true,"href":"https:\/\/www.andec.com.ec\/en\/wp-json\/wp\/v2\/comments?post=10309"}],"version-history":[{"count":110,"href":"https:\/\/www.andec.com.ec\/en\/wp-json\/wp\/v2\/pages\/10309\/revisions"}],"predecessor-version":[{"id":18575,"href":"https:\/\/www.andec.com.ec\/en\/wp-json\/wp\/v2\/pages\/10309\/revisions\/18575"}],"wp:attachment":[{"href":"https:\/\/www.andec.com.ec\/en\/wp-json\/wp\/v2\/media?parent=10309"}],"curies":[{"name":"wp","href":"https:\/\/api.w.org\/{rel}","templated":true}]}}