{"id":11663,"date":"2021-10-19T18:04:24","date_gmt":"2021-10-19T18:04:24","guid":{"rendered":"https:\/\/www.andec.com.ec\/?page_id=11663"},"modified":"2021-12-08T23:56:10","modified_gmt":"2021-12-09T04:56:10","slug":"requisitos-de-proveedor-nacional-de-chatarra","status":"publish","type":"page","link":"https:\/\/www.andec.com.ec\/en\/requisitos-de-proveedor-nacional-de-chatarra\/","title":{"rendered":"Requisitos de proveedor nacional de Chatarra"},"content":{"rendered":"<div data-elementor-type=\"wp-page\" data-elementor-id=\"11663\" class=\"elementor elementor-11663\" data-elementor-settings=\"[]\">\n\t\t\t\t\t\t\t<div class=\"elementor-section-wrap\">\n\t\t\t\t\t\t\t<section class=\"elementor-section elementor-top-section elementor-element elementor-element-7a188ee8 elementor-section-height-min-height elementor-section-stretched elementor-section-boxed elementor-section-height-default elementor-section-items-middle mkdf-parallax-row-no mkdf-content-aligment-left mkdf-elementor-row-grid-no mkdf-disabled-bg-image-bellow-no mkdf-row-btt-light\" data-id=\"7a188ee8\" data-element_type=\"section\" data-settings=\"{&quot;stretch_section&quot;:&quot;section-stretched&quot;,&quot;background_background&quot;:&quot;classic&quot;}\">\n\t\t\t\t\t\t\t<div class=\"elementor-background-overlay\"><\/div>\n\t\t\t\t\t\t\t<div class=\"elementor-container elementor-column-gap-default\">\n\t\t\t\t\t<div class=\"elementor-column elementor-col-100 elementor-top-column elementor-element elementor-element-1c805b14\" data-id=\"1c805b14\" data-element_type=\"column\">\n\t\t\t<div class=\"elementor-widget-wrap elementor-element-populated\">\n\t\t\t\t\t\t\t\t<div class=\"elementor-element elementor-element-8e19e38 elementor-widget elementor-widget-heading\" data-id=\"8e19e38\" data-element_type=\"widget\" data-widget_type=\"heading.default\">\n\t\t\t\t<div class=\"elementor-widget-container\">\n\t\t\t<h2 class=\"elementor-heading-title elementor-size-default\">REQUISITOS DE PROVEEDOR NACIONAL DE CHATARRA <\/h2>\t\t<\/div>\n\t\t\t\t<\/div>\n\t\t\t\t<div class=\"elementor-element elementor-element-6d385d52 elementor-widget-divider--view-line elementor-widget elementor-widget-divider\" data-id=\"6d385d52\" data-element_type=\"widget\" data-widget_type=\"divider.default\">\n\t\t\t\t<div class=\"elementor-widget-container\">\n\t\t\t\t\t<div class=\"elementor-divider\">\n\t\t\t<span class=\"elementor-divider-separator\">\n\t\t\t\t\t\t<\/span>\n\t\t<\/div>\n\t\t\t\t<\/div>\n\t\t\t\t<\/div>\n\t\t\t\t\t<\/div>\n\t\t<\/div>\n\t\t\t\t\t\t\t<\/div>\n\t\t<\/section>\n\t\t\t\t<section class=\"elementor-section elementor-top-section elementor-element elementor-element-cf5b90f elementor-section-boxed elementor-section-height-default elementor-section-height-default mkdf-parallax-row-no mkdf-content-aligment-left mkdf-elementor-row-grid-no mkdf-disabled-bg-image-bellow-no mkdf-row-btt-light\" data-id=\"cf5b90f\" data-element_type=\"section\">\n\t\t\t\t\t\t<div class=\"elementor-container elementor-column-gap-default\">\n\t\t\t\t\t<div class=\"elementor-column elementor-col-100 elementor-top-column elementor-element elementor-element-ca8f976\" data-id=\"ca8f976\" data-element_type=\"column\">\n\t\t\t<div class=\"elementor-widget-wrap elementor-element-populated\">\n\t\t\t\t\t\t\t\t<div class=\"elementor-element elementor-element-a50e014 elementor-widget elementor-widget-heading\" data-id=\"a50e014\" data-element_type=\"widget\" data-widget_type=\"heading.default\">\n\t\t\t\t<div class=\"elementor-widget-container\">\n\t\t\t<span class=\"elementor-heading-title elementor-size-default\">&nbsp;1.&nbsp;Formulario de Actualizaci\u00f3n de Datos (Se adjunta FORMULARIO).<br>\n2.  Copia de RUC.<br>\n3. Copia de c\u00e9dula de proveedor o Rep. Legal.<br>\n4. Copia de certificado de votaci\u00f3n de  proveedor o Rep. Legal.<br>\n5. Certificado bancario.<\/span>\t\t<\/div>\n\t\t\t\t<\/div>\n\t\t\t\t\t<\/div>\n\t\t<\/div>\n\t\t\t\t\t\t\t<\/div>\n\t\t<\/section>\n\t\t\t\t<section class=\"elementor-section elementor-top-section elementor-element elementor-element-f5e9d19 elementor-section-content-middle elementor-section-boxed elementor-section-height-default elementor-section-height-default mkdf-parallax-row-no mkdf-content-aligment-left mkdf-elementor-row-grid-no mkdf-disabled-bg-image-bellow-no mkdf-row-btt-light\" data-id=\"f5e9d19\" data-element_type=\"section\">\n\t\t\t\t\t\t<div class=\"elementor-container elementor-column-gap-default\">\n\t\t\t\t\t<div class=\"elementor-column elementor-col-33 elementor-top-column elementor-element elementor-element-14b63c4\" data-id=\"14b63c4\" data-element_type=\"column\">\n\t\t\t<div class=\"elementor-widget-wrap elementor-element-populated\">\n\t\t\t\t\t\t\t\t<div class=\"elementor-element elementor-element-9b4a88f elementor-widget elementor-widget-image\" data-id=\"9b4a88f\" data-element_type=\"widget\" data-widget_type=\"image.default\">\n\t\t\t\t<div class=\"elementor-widget-container\">\n\t\t\t\t\t\t\t\t\t\t\t\t\t\t\t<img loading=\"lazy\" decoding=\"async\" width=\"126\" height=\"118\" src=\"https:\/\/www.andec.com.ec\/wp-content\/uploads\/2021\/11\/ICON-PDF-02.png\" class=\"attachment-large size-large\" alt=\"\" srcset=\"https:\/\/www.andec.com.ec\/wp-content\/uploads\/2021\/11\/ICON-PDF-02.png 126w, https:\/\/www.andec.com.ec\/wp-content\/uploads\/2021\/11\/ICON-PDF-02-13x12.png 13w\" sizes=\"auto, (max-width: 126px) 100vw, 126px\" \/>\t\t\t\t\t\t\t\t\t\t\t\t\t\t\t<\/div>\n\t\t\t\t<\/div>\n\t\t\t\t\t<\/div>\n\t\t<\/div>\n\t\t\t\t<div class=\"elementor-column elementor-col-33 elementor-top-column elementor-element elementor-element-c786489\" data-id=\"c786489\" data-element_type=\"column\">\n\t\t\t<div class=\"elementor-widget-wrap elementor-element-populated\">\n\t\t\t\t\t\t\t\t<div class=\"elementor-element elementor-element-9d8e058 elementor-widget elementor-widget-heading\" data-id=\"9d8e058\" data-element_type=\"widget\" data-widget_type=\"heading.default\">\n\t\t\t\t<div class=\"elementor-widget-container\">\n\t\t\t<h2 class=\"elementor-heading-title elementor-size-default\">Formulario Actualizaci\u00f3n de Proveedor - ANDEC S A <\/h2>\t\t<\/div>\n\t\t\t\t<\/div>\n\t\t\t\t\t<\/div>\n\t\t<\/div>\n\t\t\t\t<div class=\"elementor-column elementor-col-33 elementor-top-column elementor-element elementor-element-19f6bc8\" data-id=\"19f6bc8\" data-element_type=\"column\">\n\t\t\t<div class=\"elementor-widget-wrap elementor-element-populated\">\n\t\t\t\t\t\t\t\t<div class=\"elementor-element elementor-element-bf39947 elementor-align-center elementor-widget elementor-widget-button\" data-id=\"bf39947\" data-element_type=\"widget\" data-widget_type=\"button.default\">\n\t\t\t\t<div class=\"elementor-widget-container\">\n\t\t\t\t\t<div class=\"elementor-button-wrapper\">\n\t\t\t<a href=\"https:\/\/www.andec.com.ec\/wp-content\/uploads\/2021\/11\/Formulario.pdf\" target=\"_blank\" class=\"elementor-button-link elementor-button elementor-size-sm\" role=\"button\">\n\t\t\t\t\t\t<span class=\"elementor-button-content-wrapper\">\n\t\t\t\t\t\t<span class=\"elementor-button-text\">DESCARGAR<\/span>\n\t\t<\/span>\n\t\t\t\t\t<\/a>\n\t\t<\/div>\n\t\t\t\t<\/div>\n\t\t\t\t<\/div>\n\t\t\t\t\t<\/div>\n\t\t<\/div>\n\t\t\t\t\t\t\t<\/div>\n\t\t<\/section>\n\t\t\t\t<section class=\"elementor-section elementor-top-section elementor-element elementor-element-77c3d97 elementor-section-boxed elementor-section-height-default elementor-section-height-default mkdf-parallax-row-no mkdf-content-aligment-left mkdf-elementor-row-grid-no mkdf-disabled-bg-image-bellow-no mkdf-row-btt-light\" data-id=\"77c3d97\" data-element_type=\"section\">\n\t\t\t\t\t\t<div class=\"elementor-container elementor-column-gap-default\">\n\t\t\t\t\t<div class=\"elementor-column elementor-col-100 elementor-top-column elementor-element elementor-element-9fb3a5a\" data-id=\"9fb3a5a\" data-element_type=\"column\">\n\t\t\t<div class=\"elementor-widget-wrap elementor-element-populated\">\n\t\t\t\t\t\t\t\t<div class=\"elementor-element elementor-element-00ebc3d elementor-widget-divider--view-line elementor-widget elementor-widget-divider\" data-id=\"00ebc3d\" data-element_type=\"widget\" data-widget_type=\"divider.default\">\n\t\t\t\t<div class=\"elementor-widget-container\">\n\t\t\t\t\t<div class=\"elementor-divider\">\n\t\t\t<span class=\"elementor-divider-separator\">\n\t\t\t\t\t\t<\/span>\n\t\t<\/div>\n\t\t\t\t<\/div>\n\t\t\t\t<\/div>\n\t\t\t\t<div class=\"elementor-element elementor-element-13b41f1 elementor-widget elementor-widget-heading\" data-id=\"13b41f1\" data-element_type=\"widget\" data-widget_type=\"heading.default\">\n\t\t\t\t<div class=\"elementor-widget-container\">\n\t\t\t<h2 class=\"elementor-heading-title elementor-size-default\">ENVIAR<\/h2>\t\t<\/div>\n\t\t\t\t<\/div>\n\t\t\t\t<div class=\"elementor-element elementor-element-c09133a elementor-widget elementor-widget-heading\" data-id=\"c09133a\" data-element_type=\"widget\" data-widget_type=\"heading.default\">\n\t\t\t\t<div class=\"elementor-widget-container\">\n\t\t\t<h2 class=\"elementor-heading-title elementor-size-default\">archivos<\/h2>\t\t<\/div>\n\t\t\t\t<\/div>\n\t\t\t\t\t<\/div>\n\t\t<\/div>\n\t\t\t\t\t\t\t<\/div>\n\t\t<\/section>\n\t\t\t\t<section class=\"elementor-section elementor-top-section elementor-element elementor-element-466f8ef elementor-section-boxed elementor-section-height-default elementor-section-height-default mkdf-parallax-row-no mkdf-content-aligment-left mkdf-elementor-row-grid-no mkdf-disabled-bg-image-bellow-no mkdf-row-btt-light\" data-id=\"466f8ef\" data-element_type=\"section\">\n\t\t\t\t\t\t<div class=\"elementor-container elementor-column-gap-default\">\n\t\t\t\t\t<div class=\"elementor-column elementor-col-100 elementor-top-column elementor-element elementor-element-642cf22\" data-id=\"642cf22\" data-element_type=\"column\">\n\t\t\t<div class=\"elementor-widget-wrap elementor-element-populated\">\n\t\t\t\t\t\t\t\t<div class=\"elementor-element elementor-element-e889cb9 elementor-widget elementor-widget-shortcode\" data-id=\"e889cb9\" data-element_type=\"widget\" data-widget_type=\"shortcode.default\">\n\t\t\t\t<div class=\"elementor-widget-container\">\n\t\t\t\t\t<div class=\"elementor-shortcode\"><div class=\"forminator-ui forminator-custom-form forminator-custom-form-14333 forminator-design--default  forminator_ajax\" data-forminator-render=\"0\" data-form=\"forminator-module-14333\"><br\/><\/div><form\n\t\t\t\tid=\"forminator-module-14333\"\n\t\t\t\tclass=\"forminator-ui forminator-custom-form forminator-custom-form-14333 forminator-design--default  forminator_ajax\"\n\t\t\t\tmethod=\"post\"\n\t\t\t\tdata-forminator-render=\"0\"\n\t\t\t\tdata-form-id=\"14333\"\n\t\t\t\t\n\t\t\t\tdata-design=\"default\"\n\t\t\t\t\n\t\t\t\t\n\t\t\t\t\n\t\t\t\tdata-grid=\"open\"\n\t\t\t\tenctype=\"multipart\/form-data\"\n\t\t\t\t\n\t\t\t\tstyle=\"display: none;\" action=\"\"\n\t\t\t><div class=\"forminator-response-message forminator-error\" aria-hidden=\"true\"><\/div><div class=\"forminator-row\"><div id=\"email-1\" class=\"forminator-col forminator-col-6\"><div class=\"forminator-field\"><label for=\"forminator-field-email-1\" class=\"forminator-label\">CORREO ELECTR\u00d3NICO: <span class=\"forminator-required\">*<\/span><\/label><input type=\"email\" name=\"email-1\" value=\"\" placeholder=\"\" id=\"forminator-field-email-1\" class=\"forminator-input forminator-email--field\" data-required=\"1\" aria-required=\"true\" \/><\/div><\/div><div id=\"upload-1\" class=\"forminator-col forminator-col-6\"><div class=\"forminator-field\"><label for=\"forminator-field-upload-1\" class=\"forminator-label\">SELECCIONAR ARCHIVO: <span class=\"forminator-required\">*<\/span><\/label><div class=\"forminator-file-upload\" data-element=\"upload-1\"><input type=\"file\" name=\"upload-1\" id=\"forminator-field-upload-1\" class=\"forminator-input-file-required do-validate\" ><button id=\"forminator-field-upload-1_button\" class=\"forminator-button forminator-button-upload\" data-id=\"forminator-field-upload-1\">Choose File<\/button><span data-empty-text=\"No file chosen\">No file chosen<\/span><button class=\"forminator-button-delete\" style=\"display: none;\"><i class=\"forminator-icon-close\" aria-hidden=\"true\"><\/i><span class=\"forminator-screen-reader-only\">Delete uploaded file<\/span><\/button><\/div><\/div><\/div><\/div><div class=\"forminator-row\"><div id=\"captcha-1\" class=\"forminator-col forminator-col-12\"><div class=\"forminator-g-recaptcha\" data-theme=\"light\"  data-sitekey=\"6LdOXXQdAAAAAJl3KwhBLnxIwVkbnUIoCvSQf5H5\" data-size=\"normal\"><\/div><\/div><\/div><input type=\"hidden\" name=\"referer_url\" value=\"\" \/><div class=\"forminator-row forminator-row-last\"><div class=\"forminator-col\"><div class=\"forminator-field\"><button class=\"forminator-button forminator-button-submit\">Enviar<\/button><\/div><\/div><\/div><input type=\"hidden\" id=\"forminator_nonce\" name=\"forminator_nonce\" value=\"0de1e6f7bc\" \/><input type=\"hidden\" name=\"_wp_http_referer\" value=\"\/en\/wp-json\/wp\/v2\/pages\/11663\" \/><input type=\"hidden\" name=\"form_id\" value=\"14333\"><input type=\"hidden\" name=\"page_id\" value=\"11663\"><input type=\"hidden\" name=\"form_type\" value=\"default\"><input type=\"hidden\" name=\"current_url\" value=\"https:\/\/www.andec.com.ec\/en\/wp-json\/wp\/v2\/pages\/11663\/\"><input type=\"hidden\" name=\"render_id\" value=\"0\"><input type=\"hidden\" name=\"action\" value=\"forminator_submit_form_custom-forms\"><input type=\"hidden\" name=\"trp-form-language\" value=\"en\"\/><\/form><\/div>\n\t\t\t\t<\/div>\n\t\t\t\t<\/div>\n\t\t\t\t\t<\/div>\n\t\t<\/div>\n\t\t\t\t\t\t\t<\/div>\n\t\t<\/section>\n\t\t\t\t<section class=\"elementor-section elementor-top-section elementor-element elementor-element-e38b0eb elementor-hidden-desktop elementor-hidden-tablet elementor-hidden-mobile elementor-section-boxed elementor-section-height-default elementor-section-height-default mkdf-parallax-row-no mkdf-content-aligment-left mkdf-elementor-row-grid-no mkdf-disabled-bg-image-bellow-no mkdf-row-btt-light\" data-id=\"e38b0eb\" data-element_type=\"section\">\n\t\t\t\t\t\t<div class=\"elementor-container elementor-column-gap-default\">\n\t\t\t\t\t<div class=\"elementor-column elementor-col-100 elementor-top-column elementor-element elementor-element-73ec456\" data-id=\"73ec456\" data-element_type=\"column\">\n\t\t\t<div class=\"elementor-widget-wrap elementor-element-populated\">\n\t\t\t\t\t\t\t\t<div class=\"elementor-element elementor-element-80e3342 elementor-widget elementor-widget-text-editor\" data-id=\"80e3342\" data-element_type=\"widget\" data-widget_type=\"text-editor.default\">\n\t\t\t\t<div class=\"elementor-widget-container\">\n\t\t\t\t\t\t\t<p><a href=\"https:\/\/www.andec.com.ec\/en\/nuestra-historia\/\">la empresa<\/a><\/p><p><a href=\"https:\/\/www.instagram.com\/andec_sa\/\" rel=\"noopener\">s\u00edguenos<\/a><\/p>\t\t\t\t\t\t<\/div>\n\t\t\t\t<\/div>\n\t\t\t\t<div class=\"elementor-element elementor-element-50b0cf4 elementor-widget elementor-widget-heading\" data-id=\"50b0cf4\" data-element_type=\"widget\" data-widget_type=\"heading.default\">\n\t\t\t\t<div class=\"elementor-widget-container\">\n\t\t\t<h2 class=\"elementor-heading-title elementor-size-default\">Requisitos de proveedor nacional de Chatarra<\/h2>\t\t<\/div>\n\t\t\t\t<\/div>\n\t\t\t\t<div class=\"elementor-element elementor-element-c517ec2 elementor-widget elementor-widget-image\" data-id=\"c517ec2\" data-element_type=\"widget\" data-widget_type=\"image.default\">\n\t\t\t\t<div class=\"elementor-widget-container\">\n\t\t\t\t\t\t\t\t\t\t\t\t\t\t\t<img loading=\"lazy\" decoding=\"async\" width=\"1024\" height=\"283\" src=\"https:\/\/www.andec.com.ec\/wp-content\/uploads\/2021\/11\/REQUISITOS-DE-PROVEEDOR-NACIONAL-DE-CHATARRA-_-CABECERA-1024x283.jpg\" class=\"attachment-large size-large\" alt=\"Requisitos de proveedor nacional de Chatarra\" srcset=\"https:\/\/www.andec.com.ec\/wp-content\/uploads\/2021\/11\/REQUISITOS-DE-PROVEEDOR-NACIONAL-DE-CHATARRA-_-CABECERA-1024x283.jpg 1024w, https:\/\/www.andec.com.ec\/wp-content\/uploads\/2021\/11\/REQUISITOS-DE-PROVEEDOR-NACIONAL-DE-CHATARRA-_-CABECERA-300x83.jpg 300w, https:\/\/www.andec.com.ec\/wp-content\/uploads\/2021\/11\/REQUISITOS-DE-PROVEEDOR-NACIONAL-DE-CHATARRA-_-CABECERA-768x212.jpg 768w, https:\/\/www.andec.com.ec\/wp-content\/uploads\/2021\/11\/REQUISITOS-DE-PROVEEDOR-NACIONAL-DE-CHATARRA-_-CABECERA-1536x424.jpg 1536w, https:\/\/www.andec.com.ec\/wp-content\/uploads\/2021\/11\/REQUISITOS-DE-PROVEEDOR-NACIONAL-DE-CHATARRA-_-CABECERA-18x5.jpg 18w, https:\/\/www.andec.com.ec\/wp-content\/uploads\/2021\/11\/REQUISITOS-DE-PROVEEDOR-NACIONAL-DE-CHATARRA-_-CABECERA-600x166.jpg 600w, https:\/\/www.andec.com.ec\/wp-content\/uploads\/2021\/11\/REQUISITOS-DE-PROVEEDOR-NACIONAL-DE-CHATARRA-_-CABECERA.jpg 1920w\" sizes=\"auto, (max-width: 1024px) 100vw, 1024px\" \/>\t\t\t\t\t\t\t\t\t\t\t\t\t\t\t<\/div>\n\t\t\t\t<\/div>\n\t\t\t\t\t<\/div>\n\t\t<\/div>\n\t\t\t\t\t\t\t<\/div>\n\t\t<\/section>\n\t\t\t\t\t\t<\/div>\n\t\t\t\t\t<\/div>","protected":false},"excerpt":{"rendered":"<p>REQUISITOS DE PROVEEDOR NACIONAL DE CHATARRA &nbsp;1.&nbsp;Formulario de Actualizaci\u00f3n de Datos (Se adjunta FORMULARIO). 2. Copia de RUC. 3. Copia de c\u00e9dula de proveedor o Rep. Legal. 4. Copia de certificado de votaci\u00f3n de proveedor o Rep. Legal. 5. Certificado bancario. Formulario Actualizaci\u00f3n de Proveedor &#8211; ANDEC S A DESCARGAR ENVIAR archivos la empresa s\u00edguenos Requisitos de proveedor nacional de Chatarra<\/p>","protected":false},"author":1,"featured_media":0,"parent":0,"menu_order":0,"comment_status":"closed","ping_status":"closed","template":"elementor_header_footer","meta":{"_monsterinsights_skip_tracking":false,"_monsterinsights_sitenote_active":false,"_monsterinsights_sitenote_note":"","_monsterinsights_sitenote_category":0,"_expiration-date-status":"","_expiration-date":0,"_expiration-date-type":"","_expiration-date-categories":[],"_expiration-date-options":[],"_joinchat":[],"footnotes":""},"class_list":["post-11663","page","type-page","status-publish","hentry"],"_links":{"self":[{"href":"https:\/\/www.andec.com.ec\/en\/wp-json\/wp\/v2\/pages\/11663","targetHints":{"allow":["GET"]}}],"collection":[{"href":"https:\/\/www.andec.com.ec\/en\/wp-json\/wp\/v2\/pages"}],"about":[{"href":"https:\/\/www.andec.com.ec\/en\/wp-json\/wp\/v2\/types\/page"}],"author":[{"embeddable":true,"href":"https:\/\/www.andec.com.ec\/en\/wp-json\/wp\/v2\/users\/1"}],"replies":[{"embeddable":true,"href":"https:\/\/www.andec.com.ec\/en\/wp-json\/wp\/v2\/comments?post=11663"}],"version-history":[{"count":171,"href":"https:\/\/www.andec.com.ec\/en\/wp-json\/wp\/v2\/pages\/11663\/revisions"}],"predecessor-version":[{"id":17008,"href":"https:\/\/www.andec.com.ec\/en\/wp-json\/wp\/v2\/pages\/11663\/revisions\/17008"}],"wp:attachment":[{"href":"https:\/\/www.andec.com.ec\/en\/wp-json\/wp\/v2\/media?parent=11663"}],"curies":[{"name":"wp","href":"https:\/\/api.w.org\/{rel}","templated":true}]}}