{"id":11957,"date":"2021-10-20T14:53:42","date_gmt":"2021-10-20T14:53:42","guid":{"rendered":"https:\/\/www.andec.com.ec\/?page_id=11957"},"modified":"2021-12-08T17:00:22","modified_gmt":"2021-12-08T22:00:22","slug":"responsabilidad-social","status":"publish","type":"page","link":"https:\/\/www.andec.com.ec\/en\/responsabilidad-social\/","title":{"rendered":"Responsabilidad Social"},"content":{"rendered":"<div data-elementor-type=\"wp-page\" data-elementor-id=\"11957\" class=\"elementor elementor-11957\" data-elementor-settings=\"[]\">\n\t\t\t\t\t\t\t<div class=\"elementor-section-wrap\">\n\t\t\t\t\t\t\t<section class=\"elementor-section elementor-top-section elementor-element elementor-element-7a188ee8 elementor-section-height-min-height elementor-section-stretched elementor-section-boxed elementor-section-height-default elementor-section-items-middle mkdf-parallax-row-no mkdf-content-aligment-left mkdf-elementor-row-grid-no mkdf-disabled-bg-image-bellow-no mkdf-row-btt-light\" data-id=\"7a188ee8\" data-element_type=\"section\" data-settings=\"{&quot;stretch_section&quot;:&quot;section-stretched&quot;,&quot;background_background&quot;:&quot;classic&quot;}\">\n\t\t\t\t\t\t\t<div class=\"elementor-background-overlay\"><\/div>\n\t\t\t\t\t\t\t<div class=\"elementor-container elementor-column-gap-default\">\n\t\t\t\t\t<div class=\"elementor-column elementor-col-100 elementor-top-column elementor-element elementor-element-1c805b14\" data-id=\"1c805b14\" data-element_type=\"column\">\n\t\t\t<div class=\"elementor-widget-wrap elementor-element-populated\">\n\t\t\t\t\t\t\t\t<div class=\"elementor-element elementor-element-8e19e38 elementor-widget elementor-widget-heading\" data-id=\"8e19e38\" data-element_type=\"widget\" data-widget_type=\"heading.default\">\n\t\t\t\t<div class=\"elementor-widget-container\">\n\t\t\t<h1 class=\"elementor-heading-title elementor-size-default\">responsabilidad social<\/h1>\t\t<\/div>\n\t\t\t\t<\/div>\n\t\t\t\t<div class=\"elementor-element elementor-element-6d385d52 elementor-widget-divider--view-line elementor-widget elementor-widget-divider\" data-id=\"6d385d52\" data-element_type=\"widget\" data-widget_type=\"divider.default\">\n\t\t\t\t<div class=\"elementor-widget-container\">\n\t\t\t\t\t<div class=\"elementor-divider\">\n\t\t\t<span class=\"elementor-divider-separator\">\n\t\t\t\t\t\t<\/span>\n\t\t<\/div>\n\t\t\t\t<\/div>\n\t\t\t\t<\/div>\n\t\t\t\t\t<\/div>\n\t\t<\/div>\n\t\t\t\t\t\t\t<\/div>\n\t\t<\/section>\n\t\t\t\t<section class=\"elementor-section elementor-top-section elementor-element elementor-element-cf5b90f elementor-section-stretched elementor-section-boxed elementor-section-height-default elementor-section-height-default mkdf-parallax-row-no mkdf-content-aligment-left mkdf-elementor-row-grid-no mkdf-disabled-bg-image-bellow-no mkdf-row-btt-light\" data-id=\"cf5b90f\" data-element_type=\"section\" data-settings=\"{&quot;stretch_section&quot;:&quot;section-stretched&quot;}\">\n\t\t\t\t\t\t\t<div class=\"elementor-background-overlay\"><\/div>\n\t\t\t\t\t\t\t<div class=\"elementor-container elementor-column-gap-default\">\n\t\t\t\t\t<div class=\"elementor-column elementor-col-100 elementor-top-column elementor-element elementor-element-ca8f976\" data-id=\"ca8f976\" data-element_type=\"column\">\n\t\t\t<div class=\"elementor-widget-wrap elementor-element-populated\">\n\t\t\t\t\t\t\t\t<div class=\"elementor-element elementor-element-a50e014 elementor-widget elementor-widget-heading\" data-id=\"a50e014\" data-element_type=\"widget\" data-widget_type=\"heading.default\">\n\t\t\t\t<div class=\"elementor-widget-container\">\n\t\t\t<h2 class=\"elementor-heading-title elementor-size-default\">responsabilidad social<\/h2>\t\t<\/div>\n\t\t\t\t<\/div>\n\t\t\t\t<div class=\"elementor-element elementor-element-3138cd6 elementor-widget elementor-widget-heading\" data-id=\"3138cd6\" data-element_type=\"widget\" data-widget_type=\"heading.default\">\n\t\t\t\t<div class=\"elementor-widget-container\">\n\t\t\t<span class=\"elementor-heading-title elementor-size-default\">ANDEC S.A., desde el inicio de su funcionamiento ha realizado varias actividades para apoyar las comunidades, entre estas: brigadas m\u00e9dicas, campa\u00f1as de vacunaci\u00f3n, cursos de fomento de microempresas, fumigaciones, agasajos navide\u00f1os y eventos de reforestaci\u00f3n.\n<br><br>\nDesde el a\u00f1o 2018 ANDEC S.A, est\u00e1 realizando las actividades de responsabilidad social en coordinaci\u00f3n con la M.I. Municipalidad de Guayaquil. El a\u00f1o pasado la empresa apoy\u00f3 la educaci\u00f3n de los ni\u00f1os entregando los juegos de mesa \u201cRuta de la Naturaleza\u201d, los cuales fueron socializados y entregados a los j\u00f3venes a trav\u00e9s de las Campa\u00f1as Educativas de la Direcci\u00f3n de Medio Ambiente, por lo cual ANDEC obtuvo reconocimiento del Alcalde Jaime Nebot, por haber realizado actividades de buenas pr\u00e1cticas ambientales. Para el a\u00f1o 2019 pensando en beneficio de los adolescentes y su educaci\u00f3n ambiental, se est\u00e1 elaborando los cuadernillos sobre \u201cPapagayo de Guayaquil\u201d y tambi\u00e9n los folletos \u201cDescubre los bosques de Guayaquil\u201d, los cuales beneficiar\u00e1n a 1300 alumnos.\t<\/span>\t\t<\/div>\n\t\t\t\t<\/div>\n\t\t\t\t\t<\/div>\n\t\t<\/div>\n\t\t\t\t\t\t\t<\/div>\n\t\t<\/section>\n\t\t\t\t<section class=\"elementor-section elementor-top-section elementor-element elementor-element-8c15756 elementor-section-full_width elementor-section-content-middle elementor-section-stretched elementor-section-height-default elementor-section-height-default mkdf-parallax-row-no mkdf-content-aligment-left mkdf-elementor-row-grid-no mkdf-disabled-bg-image-bellow-no mkdf-row-btt-light\" data-id=\"8c15756\" data-element_type=\"section\" data-settings=\"{&quot;stretch_section&quot;:&quot;section-stretched&quot;}\">\n\t\t\t\t\t\t\t<div class=\"elementor-background-overlay\"><\/div>\n\t\t\t\t\t\t\t<div class=\"elementor-container elementor-column-gap-default\">\n\t\t\t\t\t<div class=\"elementor-column elementor-col-33 elementor-top-column elementor-element elementor-element-7944d7f mkdf-appearing-section mkdf-eh-item-project\" data-id=\"7944d7f\" data-element_type=\"column\">\n\t\t\t<div class=\"elementor-widget-wrap elementor-element-populated\">\n\t\t\t\t\t\t\t\t<div class=\"elementor-element elementor-element-4ef5a8e elementor-widget elementor-widget-image\" data-id=\"4ef5a8e\" data-element_type=\"widget\" data-widget_type=\"image.default\">\n\t\t\t\t<div class=\"elementor-widget-container\">\n\t\t\t\t\t\t\t\t\t\t\t\t\t\t\t<img loading=\"lazy\" decoding=\"async\" width=\"1300\" height=\"650\" src=\"https:\/\/www.andec.com.ec\/wp-content\/uploads\/2021\/11\/TUNEL-1300x650.jpg\" class=\"attachment-wilmer_mikado_image_landscape size-wilmer_mikado_image_landscape\" alt=\"responsabilidad social\" srcset=\"https:\/\/www.andec.com.ec\/wp-content\/uploads\/2021\/11\/TUNEL.jpg 1300w, https:\/\/www.andec.com.ec\/wp-content\/uploads\/2021\/11\/TUNEL-300x150.jpg 300w, https:\/\/www.andec.com.ec\/wp-content\/uploads\/2021\/11\/TUNEL-1024x512.jpg 1024w, https:\/\/www.andec.com.ec\/wp-content\/uploads\/2021\/11\/TUNEL-768x384.jpg 768w, https:\/\/www.andec.com.ec\/wp-content\/uploads\/2021\/11\/TUNEL-18x9.jpg 18w, https:\/\/www.andec.com.ec\/wp-content\/uploads\/2021\/11\/TUNEL-600x300.jpg 600w\" sizes=\"auto, (max-width: 1300px) 100vw, 1300px\" \/>\t\t\t\t\t\t\t\t\t\t\t\t\t\t\t<\/div>\n\t\t\t\t<\/div>\n\t\t\t\t\t<\/div>\n\t\t<\/div>\n\t\t\t\t<div class=\"elementor-column elementor-col-66 elementor-top-column elementor-element elementor-element-42cf0f6\" data-id=\"42cf0f6\" data-element_type=\"column\">\n\t\t\t<div class=\"elementor-widget-wrap elementor-element-populated\">\n\t\t\t\t\t\t\t\t<div class=\"elementor-element elementor-element-1d43f19 elementor-invisible elementor-widget elementor-widget-heading\" data-id=\"1d43f19\" data-element_type=\"widget\" data-settings=\"{&quot;_animation&quot;:&quot;bounceInRight&quot;}\" data-widget_type=\"heading.default\">\n\t\t\t\t<div class=\"elementor-widget-container\">\n\t\t\t<h2 class=\"elementor-heading-title elementor-size-default\">COMUNIDAD<\/h2>\t\t<\/div>\n\t\t\t\t<\/div>\n\t\t\t\t<div class=\"elementor-element elementor-element-5ef5a38 elementor-align-center elementor-invisible elementor-widget elementor-widget-button\" data-id=\"5ef5a38\" data-element_type=\"widget\" data-settings=\"{&quot;_animation&quot;:&quot;bounceInRight&quot;}\" data-widget_type=\"button.default\">\n\t\t\t\t<div class=\"elementor-widget-container\">\n\t\t\t\t\t<div class=\"elementor-button-wrapper\">\n\t\t\t<a href=\"https:\/\/www.andec.com.ec\/en\/responsabilidad-social-comunidad\/\" class=\"elementor-button-link elementor-button elementor-size-sm\" role=\"button\">\n\t\t\t\t\t\t<span class=\"elementor-button-content-wrapper\">\n\t\t\t\t\t\t<span class=\"elementor-button-text\">conocer m\u00e1s<\/span>\n\t\t<\/span>\n\t\t\t\t\t<\/a>\n\t\t<\/div>\n\t\t\t\t<\/div>\n\t\t\t\t<\/div>\n\t\t\t\t\t<\/div>\n\t\t<\/div>\n\t\t\t\t\t\t\t<\/div>\n\t\t<\/section>\n\t\t\t\t<section class=\"elementor-section elementor-top-section elementor-element elementor-element-b9d696a elementor-section-full_width elementor-section-content-middle elementor-section-stretched elementor-reverse-mobile elementor-section-height-default elementor-section-height-default mkdf-parallax-row-no mkdf-content-aligment-left mkdf-elementor-row-grid-no mkdf-disabled-bg-image-bellow-no mkdf-row-btt-light\" data-id=\"b9d696a\" data-element_type=\"section\" data-settings=\"{&quot;stretch_section&quot;:&quot;section-stretched&quot;}\">\n\t\t\t\t\t\t\t<div class=\"elementor-background-overlay\"><\/div>\n\t\t\t\t\t\t\t<div class=\"elementor-container elementor-column-gap-default\">\n\t\t\t\t\t<div class=\"elementor-column elementor-col-66 elementor-top-column elementor-element elementor-element-7d80f30\" data-id=\"7d80f30\" data-element_type=\"column\">\n\t\t\t<div class=\"elementor-widget-wrap elementor-element-populated\">\n\t\t\t\t\t\t\t\t<div class=\"elementor-element elementor-element-296c61d elementor-invisible elementor-widget elementor-widget-heading\" data-id=\"296c61d\" data-element_type=\"widget\" data-settings=\"{&quot;_animation&quot;:&quot;bounceInLeft&quot;}\" data-widget_type=\"heading.default\">\n\t\t\t\t<div class=\"elementor-widget-container\">\n\t\t\t<h2 class=\"elementor-heading-title elementor-size-default\">empresarial<\/h2>\t\t<\/div>\n\t\t\t\t<\/div>\n\t\t\t\t<div class=\"elementor-element elementor-element-4ba7d75 elementor-align-center elementor-invisible elementor-widget elementor-widget-button\" data-id=\"4ba7d75\" data-element_type=\"widget\" data-settings=\"{&quot;_animation&quot;:&quot;bounceInLeft&quot;}\" data-widget_type=\"button.default\">\n\t\t\t\t<div class=\"elementor-widget-container\">\n\t\t\t\t\t<div class=\"elementor-button-wrapper\">\n\t\t\t<a href=\"https:\/\/www.andec.com.ec\/en\/responsabilidad-social-empresarial\/\" class=\"elementor-button-link elementor-button elementor-size-sm\" role=\"button\">\n\t\t\t\t\t\t<span class=\"elementor-button-content-wrapper\">\n\t\t\t\t\t\t<span class=\"elementor-button-text\">conocer m\u00e1s<\/span>\n\t\t<\/span>\n\t\t\t\t\t<\/a>\n\t\t<\/div>\n\t\t\t\t<\/div>\n\t\t\t\t<\/div>\n\t\t\t\t\t<\/div>\n\t\t<\/div>\n\t\t\t\t<div class=\"elementor-column elementor-col-33 elementor-top-column elementor-element elementor-element-c831c17 mkdf-appearing-section mkdf-eh-item-project elementor-invisible\" data-id=\"c831c17\" data-element_type=\"column\" data-settings=\"{&quot;animation&quot;:&quot;bounceInRight&quot;}\">\n\t\t\t<div class=\"elementor-widget-wrap elementor-element-populated\">\n\t\t\t\t\t\t\t\t<div class=\"elementor-element elementor-element-0d32a39 elementor-widget elementor-widget-image\" data-id=\"0d32a39\" data-element_type=\"widget\" data-widget_type=\"image.default\">\n\t\t\t\t<div class=\"elementor-widget-container\">\n\t\t\t\t\t\t\t\t\t\t\t\t\t\t\t<img loading=\"lazy\" decoding=\"async\" width=\"1300\" height=\"530\" src=\"https:\/\/www.andec.com.ec\/wp-content\/uploads\/2021\/10\/ENCABECERA-1300x530.jpg\" class=\"attachment-wilmer_mikado_image_landscape size-wilmer_mikado_image_landscape\" alt=\"\" \/>\t\t\t\t\t\t\t\t\t\t\t\t\t\t\t<\/div>\n\t\t\t\t<\/div>\n\t\t\t\t\t<\/div>\n\t\t<\/div>\n\t\t\t\t\t\t\t<\/div>\n\t\t<\/section>\n\t\t\t\t<section class=\"elementor-section elementor-top-section elementor-element elementor-element-205a47f elementor-hidden-desktop elementor-hidden-tablet elementor-hidden-mobile elementor-section-boxed elementor-section-height-default elementor-section-height-default mkdf-parallax-row-no mkdf-content-aligment-left mkdf-elementor-row-grid-no mkdf-disabled-bg-image-bellow-no mkdf-row-btt-light\" data-id=\"205a47f\" data-element_type=\"section\">\n\t\t\t\t\t\t<div class=\"elementor-container elementor-column-gap-default\">\n\t\t\t\t\t<div class=\"elementor-column elementor-col-100 elementor-top-column elementor-element elementor-element-3a23769\" data-id=\"3a23769\" data-element_type=\"column\">\n\t\t\t<div class=\"elementor-widget-wrap elementor-element-populated\">\n\t\t\t\t\t\t\t\t<div class=\"elementor-element elementor-element-d8170b8 elementor-widget elementor-widget-text-editor\" data-id=\"d8170b8\" data-element_type=\"widget\" data-widget_type=\"text-editor.default\">\n\t\t\t\t<div class=\"elementor-widget-container\">\n\t\t\t\t\t\t\t<p><a href=\"https:\/\/www.andec.com.ec\/en\/nuestra-historia\/\">la empresa<\/a><\/p><p><a href=\"https:\/\/www.instagram.com\/andec_sa\/\" rel=\"noopener\">s\u00edguenos<\/a><\/p>\t\t\t\t\t\t<\/div>\n\t\t\t\t<\/div>\n\t\t\t\t<div class=\"elementor-element elementor-element-cd74045 elementor-widget elementor-widget-heading\" data-id=\"cd74045\" data-element_type=\"widget\" data-widget_type=\"heading.default\">\n\t\t\t\t<div class=\"elementor-widget-container\">\n\t\t\t<h2 class=\"elementor-heading-title elementor-size-default\">responsabilidad social<\/h2>\t\t<\/div>\n\t\t\t\t<\/div>\n\t\t\t\t<div class=\"elementor-element elementor-element-334a2c4 elementor-widget elementor-widget-image\" data-id=\"334a2c4\" data-element_type=\"widget\" data-widget_type=\"image.default\">\n\t\t\t\t<div class=\"elementor-widget-container\">\n\t\t\t\t\t\t\t\t\t\t\t\t\t\t\t<img loading=\"lazy\" decoding=\"async\" width=\"1024\" height=\"512\" src=\"https:\/\/www.andec.com.ec\/wp-content\/uploads\/2021\/11\/TUNEL-1024x512.jpg\" class=\"attachment-large size-large\" alt=\"responsabilidad social\" srcset=\"https:\/\/www.andec.com.ec\/wp-content\/uploads\/2021\/11\/TUNEL-1024x512.jpg 1024w, https:\/\/www.andec.com.ec\/wp-content\/uploads\/2021\/11\/TUNEL-300x150.jpg 300w, https:\/\/www.andec.com.ec\/wp-content\/uploads\/2021\/11\/TUNEL-768x384.jpg 768w, https:\/\/www.andec.com.ec\/wp-content\/uploads\/2021\/11\/TUNEL-18x9.jpg 18w, https:\/\/www.andec.com.ec\/wp-content\/uploads\/2021\/11\/TUNEL.jpg 1300w, https:\/\/www.andec.com.ec\/wp-content\/uploads\/2021\/11\/TUNEL-600x300.jpg 600w\" sizes=\"auto, (max-width: 1024px) 100vw, 1024px\" \/>\t\t\t\t\t\t\t\t\t\t\t\t\t\t\t<\/div>\n\t\t\t\t<\/div>\n\t\t\t\t\t<\/div>\n\t\t<\/div>\n\t\t\t\t\t\t\t<\/div>\n\t\t<\/section>\n\t\t\t\t\t\t<\/div>\n\t\t\t\t\t<\/div>","protected":false},"excerpt":{"rendered":"<p>responsabilidad social responsabilidad social ANDEC S.A., desde el inicio de su funcionamiento ha realizado varias actividades para apoyar las comunidades, entre estas: brigadas m\u00e9dicas, campa\u00f1as de vacunaci\u00f3n, cursos de fomento de microempresas, fumigaciones, agasajos navide\u00f1os y eventos de reforestaci\u00f3n. Desde el a\u00f1o 2018 ANDEC S.A, est\u00e1 realizando las actividades de responsabilidad social en coordinaci\u00f3n con la M.I. Municipalidad de Guayaquil. El a\u00f1o pasado la empresa apoy\u00f3 la educaci\u00f3n de los ni\u00f1os entregando los juegos de mesa \u201cRuta de la Naturaleza\u201d, los cuales fueron socializados y entregados a los j\u00f3venes a trav\u00e9s de las Campa\u00f1as Educativas de la Direcci\u00f3n de Medio Ambiente, por lo cual ANDEC obtuvo reconocimiento del Alcalde Jaime Nebot, por haber realizado actividades de buenas pr\u00e1cticas ambientales. Para el a\u00f1o 2019 pensando en beneficio de los adolescentes y su educaci\u00f3n ambiental, se est\u00e1 elaborando los cuadernillos sobre \u201cPapagayo de Guayaquil\u201d y tambi\u00e9n los folletos \u201cDescubre los bosques de Guayaquil\u201d, los cuales beneficiar\u00e1n a 1300 alumnos. COMUNIDAD conocer m\u00e1s empresarial conocer m\u00e1s la empresa s\u00edguenos responsabilidad social<\/p>","protected":false},"author":1,"featured_media":0,"parent":0,"menu_order":0,"comment_status":"closed","ping_status":"closed","template":"","meta":{"_monsterinsights_skip_tracking":false,"_monsterinsights_sitenote_active":false,"_monsterinsights_sitenote_note":"","_monsterinsights_sitenote_category":0,"_expiration-date-status":"","_expiration-date":0,"_expiration-date-type":"","_expiration-date-categories":[],"_expiration-date-options":[],"_joinchat":[],"footnotes":""},"class_list":["post-11957","page","type-page","status-publish","hentry"],"_links":{"self":[{"href":"https:\/\/www.andec.com.ec\/en\/wp-json\/wp\/v2\/pages\/11957","targetHints":{"allow":["GET"]}}],"collection":[{"href":"https:\/\/www.andec.com.ec\/en\/wp-json\/wp\/v2\/pages"}],"about":[{"href":"https:\/\/www.andec.com.ec\/en\/wp-json\/wp\/v2\/types\/page"}],"author":[{"embeddable":true,"href":"https:\/\/www.andec.com.ec\/en\/wp-json\/wp\/v2\/users\/1"}],"replies":[{"embeddable":true,"href":"https:\/\/www.andec.com.ec\/en\/wp-json\/wp\/v2\/comments?post=11957"}],"version-history":[{"count":78,"href":"https:\/\/www.andec.com.ec\/en\/wp-json\/wp\/v2\/pages\/11957\/revisions"}],"predecessor-version":[{"id":16956,"href":"https:\/\/www.andec.com.ec\/en\/wp-json\/wp\/v2\/pages\/11957\/revisions\/16956"}],"wp:attachment":[{"href":"https:\/\/www.andec.com.ec\/en\/wp-json\/wp\/v2\/media?parent=11957"}],"curies":[{"name":"wp","href":"https:\/\/api.w.org\/{rel}","templated":true}]}}