{"id":12006,"date":"2021-10-20T15:29:35","date_gmt":"2021-10-20T15:29:35","guid":{"rendered":"https:\/\/www.andec.com.ec\/?page_id=12006"},"modified":"2021-12-08T17:05:40","modified_gmt":"2021-12-08T22:05:40","slug":"responsabilidad-social-comunidad","status":"publish","type":"page","link":"https:\/\/www.andec.com.ec\/en\/responsabilidad-social-comunidad\/","title":{"rendered":"Responsabilidad Social: Comunidad"},"content":{"rendered":"<div data-elementor-type=\"wp-page\" data-elementor-id=\"12006\" class=\"elementor elementor-12006\" data-elementor-settings=\"[]\">\n\t\t\t\t\t\t\t<div class=\"elementor-section-wrap\">\n\t\t\t\t\t\t\t<section class=\"elementor-section elementor-top-section elementor-element elementor-element-411e1873 elementor-section-height-min-height elementor-section-stretched elementor-section-boxed elementor-section-height-default elementor-section-items-middle mkdf-parallax-row-no mkdf-content-aligment-left mkdf-elementor-row-grid-no mkdf-disabled-bg-image-bellow-no mkdf-row-btt-light\" data-id=\"411e1873\" data-element_type=\"section\" data-settings=\"{&quot;stretch_section&quot;:&quot;section-stretched&quot;,&quot;background_background&quot;:&quot;classic&quot;}\">\n\t\t\t\t\t\t\t<div class=\"elementor-background-overlay\"><\/div>\n\t\t\t\t\t\t\t<div class=\"elementor-container elementor-column-gap-default\">\n\t\t\t\t\t<div class=\"elementor-column elementor-col-100 elementor-top-column elementor-element elementor-element-a1e9c77\" data-id=\"a1e9c77\" data-element_type=\"column\">\n\t\t\t<div class=\"elementor-widget-wrap elementor-element-populated\">\n\t\t\t\t\t\t\t\t<div class=\"elementor-element elementor-element-539568cd elementor-widget elementor-widget-heading\" data-id=\"539568cd\" data-element_type=\"widget\" data-widget_type=\"heading.default\">\n\t\t\t\t<div class=\"elementor-widget-container\">\n\t\t\t<h1 class=\"elementor-heading-title elementor-size-default\">RESPONSABILIDAD SOCIAL: COMUNIDAD<\/h1>\t\t<\/div>\n\t\t\t\t<\/div>\n\t\t\t\t<div class=\"elementor-element elementor-element-3bb32b5e elementor-widget-divider--view-line elementor-widget elementor-widget-divider\" data-id=\"3bb32b5e\" data-element_type=\"widget\" data-widget_type=\"divider.default\">\n\t\t\t\t<div class=\"elementor-widget-container\">\n\t\t\t\t\t<div class=\"elementor-divider\">\n\t\t\t<span class=\"elementor-divider-separator\">\n\t\t\t\t\t\t<\/span>\n\t\t<\/div>\n\t\t\t\t<\/div>\n\t\t\t\t<\/div>\n\t\t\t\t\t<\/div>\n\t\t<\/div>\n\t\t\t\t\t\t\t<\/div>\n\t\t<\/section>\n\t\t\t\t<section class=\"elementor-section elementor-top-section elementor-element elementor-element-463441f elementor-section-stretched elementor-section-boxed elementor-section-height-default elementor-section-height-default mkdf-parallax-row-no mkdf-content-aligment-left mkdf-elementor-row-grid-no mkdf-disabled-bg-image-bellow-no mkdf-row-btt-light\" data-id=\"463441f\" data-element_type=\"section\" data-settings=\"{&quot;stretch_section&quot;:&quot;section-stretched&quot;}\">\n\t\t\t\t\t\t\t<div class=\"elementor-background-overlay\"><\/div>\n\t\t\t\t\t\t\t<div class=\"elementor-container elementor-column-gap-default\">\n\t\t\t\t\t<div class=\"elementor-column elementor-col-100 elementor-top-column elementor-element elementor-element-01ad7db\" data-id=\"01ad7db\" data-element_type=\"column\">\n\t\t\t<div class=\"elementor-widget-wrap elementor-element-populated\">\n\t\t\t\t\t\t\t\t<div class=\"elementor-element elementor-element-190104d elementor-widget elementor-widget-heading\" data-id=\"190104d\" data-element_type=\"widget\" data-widget_type=\"heading.default\">\n\t\t\t\t<div class=\"elementor-widget-container\">\n\t\t\t<h2 class=\"elementor-heading-title elementor-size-default\">COMUNIDAD<\/h2>\t\t<\/div>\n\t\t\t\t<\/div>\n\t\t\t\t<div class=\"elementor-element elementor-element-9398a02 elementor-widget elementor-widget-heading\" data-id=\"9398a02\" data-element_type=\"widget\" data-widget_type=\"heading.default\">\n\t\t\t\t<div class=\"elementor-widget-container\">\n\t\t\t<h2 class=\"elementor-heading-title elementor-size-default\">ANDEC S.A. al ser una empresa socialmente responsable, le permite como organizaci\u00f3n tener un crecimiento org\u00e1nico, mayor transparencia legal, una mejor imagen corporativa, mayor atracci\u00f3n de talento humano, entre otros.<br><br>\nEn este sentido, ANDEC genera oportunidades de empleo para el colectivo, y de esta manera crea valor a la empresa y a sus comunidades; a su vez, para que se fomente una mitigaci\u00f3n en los problemas sociales.<br><br>\nEn conclusi\u00f3n, el impacto y alcance que se tiene sobre la comunidad respecto a la mejora de la calidad de vida, demuestra que el retorno de la inversi\u00f3n se devuelve a la comunidad que se est\u00e1 moviendo los recursos, llegando a una riqueza inclusiva.\n<\/h2>\t\t<\/div>\n\t\t\t\t<\/div>\n\t\t\t\t<div class=\"elementor-element elementor-element-3965bbb elementor-widget elementor-widget-image\" data-id=\"3965bbb\" data-element_type=\"widget\" data-widget_type=\"image.default\">\n\t\t\t\t<div class=\"elementor-widget-container\">\n\t\t\t\t\t\t\t\t\t\t\t\t\t\t\t<img loading=\"lazy\" decoding=\"async\" width=\"1024\" height=\"512\" src=\"https:\/\/www.andec.com.ec\/wp-content\/uploads\/2021\/11\/TUNEL-1024x512.jpg\" class=\"attachment-large size-large\" alt=\"responsabilidad social\" srcset=\"https:\/\/www.andec.com.ec\/wp-content\/uploads\/2021\/11\/TUNEL-1024x512.jpg 1024w, https:\/\/www.andec.com.ec\/wp-content\/uploads\/2021\/11\/TUNEL-300x150.jpg 300w, https:\/\/www.andec.com.ec\/wp-content\/uploads\/2021\/11\/TUNEL-768x384.jpg 768w, https:\/\/www.andec.com.ec\/wp-content\/uploads\/2021\/11\/TUNEL-18x9.jpg 18w, https:\/\/www.andec.com.ec\/wp-content\/uploads\/2021\/11\/TUNEL.jpg 1300w, https:\/\/www.andec.com.ec\/wp-content\/uploads\/2021\/11\/TUNEL-600x300.jpg 600w\" sizes=\"auto, (max-width: 1024px) 100vw, 1024px\" \/>\t\t\t\t\t\t\t\t\t\t\t\t\t\t\t<\/div>\n\t\t\t\t<\/div>\n\t\t\t\t<div class=\"elementor-element elementor-element-3e543cc elementor-widget elementor-widget-heading\" data-id=\"3e543cc\" data-element_type=\"widget\" data-widget_type=\"heading.default\">\n\t\t\t\t<div class=\"elementor-widget-container\">\n\t\t\t<h2 class=\"elementor-heading-title elementor-size-default\">Entrega de t\u00fanel de desinfecci\u00f3n en el Mercado de las Esclusas en el Guasmo Sur.<\/h2>\t\t<\/div>\n\t\t\t\t<\/div>\n\t\t\t\t<div class=\"elementor-element elementor-element-ea383ac elementor-align-center elementor-widget elementor-widget-button\" data-id=\"ea383ac\" data-element_type=\"widget\" data-widget_type=\"button.default\">\n\t\t\t\t<div class=\"elementor-widget-container\">\n\t\t\t\t\t<div class=\"elementor-button-wrapper\">\n\t\t\t<a href=\"https:\/\/www.andec.com.ec\/en\/responsabilidad-social\/\" class=\"elementor-button-link elementor-button elementor-size-sm\" role=\"button\">\n\t\t\t\t\t\t<span class=\"elementor-button-content-wrapper\">\n\t\t\t\t\t\t<span class=\"elementor-button-icon elementor-align-icon-left\">\n\t\t\t\t<i aria-hidden=\"true\" class=\"fas fa-arrow-left\"><\/i>\t\t\t<\/span>\n\t\t\t\t\t\t<span class=\"elementor-button-text\">Regresar<\/span>\n\t\t<\/span>\n\t\t\t\t\t<\/a>\n\t\t<\/div>\n\t\t\t\t<\/div>\n\t\t\t\t<\/div>\n\t\t\t\t\t<\/div>\n\t\t<\/div>\n\t\t\t\t\t\t\t<\/div>\n\t\t<\/section>\n\t\t\t\t<section class=\"elementor-section elementor-top-section elementor-element elementor-element-ba9326c elementor-hidden-desktop elementor-hidden-tablet elementor-hidden-mobile elementor-section-boxed elementor-section-height-default elementor-section-height-default mkdf-parallax-row-no mkdf-content-aligment-left mkdf-elementor-row-grid-no mkdf-disabled-bg-image-bellow-no mkdf-row-btt-light\" data-id=\"ba9326c\" data-element_type=\"section\">\n\t\t\t\t\t\t<div class=\"elementor-container elementor-column-gap-default\">\n\t\t\t\t\t<div class=\"elementor-column elementor-col-100 elementor-top-column elementor-element elementor-element-907e01e\" data-id=\"907e01e\" data-element_type=\"column\">\n\t\t\t<div class=\"elementor-widget-wrap elementor-element-populated\">\n\t\t\t\t\t\t\t\t<div class=\"elementor-element elementor-element-45d57cd elementor-widget elementor-widget-text-editor\" data-id=\"45d57cd\" data-element_type=\"widget\" data-widget_type=\"text-editor.default\">\n\t\t\t\t<div class=\"elementor-widget-container\">\n\t\t\t\t\t\t\t<p><a href=\"https:\/\/www.andec.com.ec\/en\/nuestra-historia\/\">la empresa<\/a><\/p><p><a href=\"https:\/\/www.instagram.com\/andec_sa\/\" rel=\"noopener\">s\u00edguenos<\/a><\/p>\t\t\t\t\t\t<\/div>\n\t\t\t\t<\/div>\n\t\t\t\t<div class=\"elementor-element elementor-element-ef026a7 elementor-widget elementor-widget-heading\" data-id=\"ef026a7\" data-element_type=\"widget\" data-widget_type=\"heading.default\">\n\t\t\t\t<div class=\"elementor-widget-container\">\n\t\t\t<h2 class=\"elementor-heading-title elementor-size-default\">responsabilidad social<\/h2>\t\t<\/div>\n\t\t\t\t<\/div>\n\t\t\t\t<div class=\"elementor-element elementor-element-0c98034 elementor-widget elementor-widget-image\" data-id=\"0c98034\" data-element_type=\"widget\" data-widget_type=\"image.default\">\n\t\t\t\t<div class=\"elementor-widget-container\">\n\t\t\t\t\t\t\t\t\t\t\t\t\t\t\t<img loading=\"lazy\" decoding=\"async\" width=\"1024\" height=\"512\" src=\"https:\/\/www.andec.com.ec\/wp-content\/uploads\/2021\/11\/TUNEL-1024x512.jpg\" class=\"attachment-large size-large\" alt=\"responsabilidad social\" srcset=\"https:\/\/www.andec.com.ec\/wp-content\/uploads\/2021\/11\/TUNEL-1024x512.jpg 1024w, https:\/\/www.andec.com.ec\/wp-content\/uploads\/2021\/11\/TUNEL-300x150.jpg 300w, https:\/\/www.andec.com.ec\/wp-content\/uploads\/2021\/11\/TUNEL-768x384.jpg 768w, https:\/\/www.andec.com.ec\/wp-content\/uploads\/2021\/11\/TUNEL-18x9.jpg 18w, https:\/\/www.andec.com.ec\/wp-content\/uploads\/2021\/11\/TUNEL.jpg 1300w, https:\/\/www.andec.com.ec\/wp-content\/uploads\/2021\/11\/TUNEL-600x300.jpg 600w\" sizes=\"auto, (max-width: 1024px) 100vw, 1024px\" \/>\t\t\t\t\t\t\t\t\t\t\t\t\t\t\t<\/div>\n\t\t\t\t<\/div>\n\t\t\t\t\t<\/div>\n\t\t<\/div>\n\t\t\t\t\t\t\t<\/div>\n\t\t<\/section>\n\t\t\t\t\t\t<\/div>\n\t\t\t\t\t<\/div>","protected":false},"excerpt":{"rendered":"<p>RESPONSABILIDAD SOCIAL: COMUNIDAD COMUNIDAD ANDEC S.A. al ser una empresa socialmente responsable, le permite como organizaci\u00f3n tener un crecimiento org\u00e1nico, mayor transparencia legal, una mejor imagen corporativa, mayor atracci\u00f3n de talento humano, entre otros. En este sentido, ANDEC genera oportunidades de empleo para el colectivo, y de esta manera crea valor a la empresa y a sus comunidades; a su vez, para que se fomente una mitigaci\u00f3n en los problemas sociales. En conclusi\u00f3n, el impacto y alcance que se tiene sobre la comunidad respecto a la mejora de la calidad de vida, demuestra que el retorno de la inversi\u00f3n se devuelve a la comunidad que se est\u00e1 moviendo los recursos, llegando a una riqueza inclusiva. Entrega de t\u00fanel de desinfecci\u00f3n en el Mercado de las Esclusas en el Guasmo Sur. Regresar la empresa s\u00edguenos responsabilidad social<\/p>","protected":false},"author":1,"featured_media":0,"parent":0,"menu_order":0,"comment_status":"closed","ping_status":"closed","template":"","meta":{"_monsterinsights_skip_tracking":false,"_monsterinsights_sitenote_active":false,"_monsterinsights_sitenote_note":"","_monsterinsights_sitenote_category":0,"_expiration-date-status":"","_expiration-date":0,"_expiration-date-type":"","_expiration-date-categories":[],"_expiration-date-options":[],"_joinchat":[],"footnotes":""},"class_list":["post-12006","page","type-page","status-publish","hentry"],"_links":{"self":[{"href":"https:\/\/www.andec.com.ec\/en\/wp-json\/wp\/v2\/pages\/12006","targetHints":{"allow":["GET"]}}],"collection":[{"href":"https:\/\/www.andec.com.ec\/en\/wp-json\/wp\/v2\/pages"}],"about":[{"href":"https:\/\/www.andec.com.ec\/en\/wp-json\/wp\/v2\/types\/page"}],"author":[{"embeddable":true,"href":"https:\/\/www.andec.com.ec\/en\/wp-json\/wp\/v2\/users\/1"}],"replies":[{"embeddable":true,"href":"https:\/\/www.andec.com.ec\/en\/wp-json\/wp\/v2\/comments?post=12006"}],"version-history":[{"count":95,"href":"https:\/\/www.andec.com.ec\/en\/wp-json\/wp\/v2\/pages\/12006\/revisions"}],"predecessor-version":[{"id":16964,"href":"https:\/\/www.andec.com.ec\/en\/wp-json\/wp\/v2\/pages\/12006\/revisions\/16964"}],"wp:attachment":[{"href":"https:\/\/www.andec.com.ec\/en\/wp-json\/wp\/v2\/media?parent=12006"}],"curies":[{"name":"wp","href":"https:\/\/api.w.org\/{rel}","templated":true}]}}