{"id":12230,"date":"2021-10-21T15:10:05","date_gmt":"2021-10-21T15:10:05","guid":{"rendered":"https:\/\/www.andec.com.ec\/?page_id=12230"},"modified":"2026-01-20T09:47:10","modified_gmt":"2026-01-20T14:47:10","slug":"pac","status":"publish","type":"page","link":"https:\/\/www.andec.com.ec\/en\/pac\/","title":{"rendered":"PAC"},"content":{"rendered":"<div data-elementor-type=\"wp-page\" data-elementor-id=\"12230\" class=\"elementor elementor-12230\" data-elementor-settings=\"[]\">\n\t\t\t\t\t\t\t<div class=\"elementor-section-wrap\">\n\t\t\t\t\t\t\t<section class=\"elementor-section elementor-top-section elementor-element elementor-element-7a188ee8 elementor-section-height-min-height elementor-section-stretched elementor-section-boxed elementor-section-height-default elementor-section-items-middle mkdf-parallax-row-no mkdf-content-aligment-left mkdf-elementor-row-grid-no mkdf-disabled-bg-image-bellow-no mkdf-row-btt-light\" data-id=\"7a188ee8\" data-element_type=\"section\" data-settings=\"{&quot;stretch_section&quot;:&quot;section-stretched&quot;,&quot;background_background&quot;:&quot;classic&quot;}\">\n\t\t\t\t\t\t\t<div class=\"elementor-background-overlay\"><\/div>\n\t\t\t\t\t\t\t<div class=\"elementor-container elementor-column-gap-default\">\n\t\t\t\t\t<div class=\"elementor-column elementor-col-100 elementor-top-column elementor-element elementor-element-1c805b14\" data-id=\"1c805b14\" data-element_type=\"column\">\n\t\t\t<div class=\"elementor-widget-wrap elementor-element-populated\">\n\t\t\t\t\t\t\t\t<div class=\"elementor-element elementor-element-8e19e38 elementor-widget elementor-widget-heading\" data-id=\"8e19e38\" data-element_type=\"widget\" data-widget_type=\"heading.default\">\n\t\t\t\t<div class=\"elementor-widget-container\">\n\t\t\t<h2 class=\"elementor-heading-title elementor-size-default\">PAC<\/h2>\t\t<\/div>\n\t\t\t\t<\/div>\n\t\t\t\t<div class=\"elementor-element elementor-element-6d385d52 elementor-widget-divider--view-line elementor-widget elementor-widget-divider\" data-id=\"6d385d52\" data-element_type=\"widget\" data-widget_type=\"divider.default\">\n\t\t\t\t<div class=\"elementor-widget-container\">\n\t\t\t\t\t<div class=\"elementor-divider\">\n\t\t\t<span class=\"elementor-divider-separator\">\n\t\t\t\t\t\t<\/span>\n\t\t<\/div>\n\t\t\t\t<\/div>\n\t\t\t\t<\/div>\n\t\t\t\t\t<\/div>\n\t\t<\/div>\n\t\t\t\t\t\t\t<\/div>\n\t\t<\/section>\n\t\t\t\t<section class=\"elementor-section elementor-top-section elementor-element elementor-element-4ebb54d elementor-section-boxed elementor-section-height-default elementor-section-height-default mkdf-parallax-row-no mkdf-content-aligment-left mkdf-elementor-row-grid-no mkdf-disabled-bg-image-bellow-no mkdf-row-btt-light\" data-id=\"4ebb54d\" data-element_type=\"section\">\n\t\t\t\t\t\t<div class=\"elementor-container elementor-column-gap-default\">\n\t\t\t\t\t<div class=\"elementor-column elementor-col-100 elementor-top-column elementor-element elementor-element-566f586\" data-id=\"566f586\" data-element_type=\"column\">\n\t\t\t<div class=\"elementor-widget-wrap elementor-element-populated\">\n\t\t\t\t\t\t\t\t<div class=\"elementor-element elementor-element-c04d569 elementor-widget elementor-widget-accordion\" data-id=\"c04d569\" data-element_type=\"widget\" data-widget_type=\"accordion.default\">\n\t\t\t\t<div class=\"elementor-widget-container\">\n\t\t\t\t\t<div class=\"elementor-accordion\" role=\"tablist\">\n\t\t\t\t\t\t\t<div class=\"elementor-accordion-item\">\n\t\t\t\t\t<div id=\"elementor-tab-title-2011\" class=\"elementor-tab-title\" data-tab=\"1\" role=\"tab\" aria-controls=\"elementor-tab-content-2011\" aria-expanded=\"false\">\n\t\t\t\t\t\t\t\t\t\t\t\t\t<span class=\"elementor-accordion-icon elementor-accordion-icon-left\" aria-hidden=\"true\">\n\t\t\t\t\t\t\t\t\t\t\t\t\t\t\t<span class=\"elementor-accordion-icon-closed\"><i class=\"fas fa-plus\"><\/i><\/span>\n\t\t\t\t\t\t\t\t<span class=\"elementor-accordion-icon-opened\"><i class=\"fas fa-minus\"><\/i><\/span>\n\t\t\t\t\t\t\t\t\t\t\t\t\t\t<\/span>\n\t\t\t\t\t\t\t\t\t\t\t\t<a class=\"elementor-accordion-title\" href=\"\">2026<\/a>\n\t\t\t\t\t<\/div>\n\t\t\t\t\t<div id=\"elementor-tab-content-2011\" class=\"elementor-tab-content elementor-clearfix\" data-tab=\"1\" role=\"tabpanel\" aria-labelledby=\"elementor-tab-title-2011\"><a href=\"https:\/\/www.andec.com.ec\/wp-content\/uploads\/2026\/01\/resolucion%20pac%202026%20procesos.pdf\"><img loading=\"lazy\" decoding=\"async\" class=\"alignnone size-full wp-image-14192 aligncenter\" src=\"https:\/\/www.andec.com.ec\/wp-content\/uploads\/2021\/11\/ICON-PDF-02.png\" alt=\"\" width=\"126\" height=\"118\" srcset=\"https:\/\/www.andec.com.ec\/wp-content\/uploads\/2021\/11\/ICON-PDF-02.png 126w, https:\/\/www.andec.com.ec\/wp-content\/uploads\/2021\/11\/ICON-PDF-02-13x12.png 13w\" sizes=\"auto, (max-width: 126px) 100vw, 126px\" \/><\/a>\n<p style=\"text-align: center;\"><a href=\"https:\/\/www.andec.com.ec\/wp-content\/uploads\/2021\/11\/RESOLUCION-PAC-2021.pdf\" target=\"_blank\" rel=\"noopener\">RESOLUCI\u00d3N PAC 2026<\/a><\/p><\/div>\n\t\t\t\t<\/div>\n\t\t\t\t\t\t\t<div class=\"elementor-accordion-item\">\n\t\t\t\t\t<div id=\"elementor-tab-title-2012\" class=\"elementor-tab-title\" data-tab=\"2\" role=\"tab\" aria-controls=\"elementor-tab-content-2012\" aria-expanded=\"false\">\n\t\t\t\t\t\t\t\t\t\t\t\t\t<span class=\"elementor-accordion-icon elementor-accordion-icon-left\" aria-hidden=\"true\">\n\t\t\t\t\t\t\t\t\t\t\t\t\t\t\t<span class=\"elementor-accordion-icon-closed\"><i class=\"fas fa-plus\"><\/i><\/span>\n\t\t\t\t\t\t\t\t<span class=\"elementor-accordion-icon-opened\"><i class=\"fas fa-minus\"><\/i><\/span>\n\t\t\t\t\t\t\t\t\t\t\t\t\t\t<\/span>\n\t\t\t\t\t\t\t\t\t\t\t\t<a class=\"elementor-accordion-title\" href=\"\">2025<\/a>\n\t\t\t\t\t<\/div>\n\t\t\t\t\t<div id=\"elementor-tab-content-2012\" class=\"elementor-tab-content elementor-clearfix\" data-tab=\"2\" role=\"tabpanel\" aria-labelledby=\"elementor-tab-title-2012\"><p><a href=\"https:\/\/www.andec.com.ec\/wp-content\/uploads\/2025\/01\/resolucionpacsingiro.pdf\"><img loading=\"lazy\" decoding=\"async\" class=\"alignnone size-full wp-image-14192 aligncenter\" src=\"https:\/\/www.andec.com.ec\/wp-content\/uploads\/2021\/11\/ICON-PDF-02.png\" alt=\"\" width=\"126\" height=\"118\" srcset=\"https:\/\/www.andec.com.ec\/wp-content\/uploads\/2021\/11\/ICON-PDF-02.png 126w, https:\/\/www.andec.com.ec\/wp-content\/uploads\/2021\/11\/ICON-PDF-02-13x12.png 13w\" sizes=\"auto, (max-width: 126px) 100vw, 126px\" \/><\/a><\/p><p style=\"text-align: center;\"><a href=\"https:\/\/www.andec.com.ec\/wp-content\/uploads\/2025\/01\/resolucionpacsingiro.pdf\" target=\"_blank\" rel=\"noopener\">RESOLUCI\u00d3N PAC 2025<\/a><\/p><\/div>\n\t\t\t\t<\/div>\n\t\t\t\t\t\t\t<div class=\"elementor-accordion-item\">\n\t\t\t\t\t<div id=\"elementor-tab-title-2013\" class=\"elementor-tab-title\" data-tab=\"3\" role=\"tab\" aria-controls=\"elementor-tab-content-2013\" aria-expanded=\"false\">\n\t\t\t\t\t\t\t\t\t\t\t\t\t<span class=\"elementor-accordion-icon elementor-accordion-icon-left\" aria-hidden=\"true\">\n\t\t\t\t\t\t\t\t\t\t\t\t\t\t\t<span class=\"elementor-accordion-icon-closed\"><i class=\"fas fa-plus\"><\/i><\/span>\n\t\t\t\t\t\t\t\t<span class=\"elementor-accordion-icon-opened\"><i class=\"fas fa-minus\"><\/i><\/span>\n\t\t\t\t\t\t\t\t\t\t\t\t\t\t<\/span>\n\t\t\t\t\t\t\t\t\t\t\t\t<a class=\"elementor-accordion-title\" href=\"\">2024<\/a>\n\t\t\t\t\t<\/div>\n\t\t\t\t\t<div id=\"elementor-tab-content-2013\" class=\"elementor-tab-content elementor-clearfix\" data-tab=\"3\" role=\"tabpanel\" aria-labelledby=\"elementor-tab-title-2013\"><p><a href=\"https:\/\/www.andec.com.ec\/wp-content\/uploads\/2024\/07\/PAC2024.pdf\"><img loading=\"lazy\" decoding=\"async\" class=\"alignnone size-full wp-image-14192 aligncenter\" src=\"https:\/\/www.andec.com.ec\/wp-content\/uploads\/2021\/11\/ICON-PDF-02.png\" alt=\"\" width=\"126\" height=\"118\" srcset=\"https:\/\/www.andec.com.ec\/wp-content\/uploads\/2021\/11\/ICON-PDF-02.png 126w, https:\/\/www.andec.com.ec\/wp-content\/uploads\/2021\/11\/ICON-PDF-02-13x12.png 13w\" sizes=\"auto, (max-width: 126px) 100vw, 126px\" \/><\/a><\/p><p style=\"text-align: center;\"><a href=\"https:\/\/www.andec.com.ec\/wp-content\/uploads\/2024\/07\/PAC2024.pdf\" target=\"_blank\" rel=\"noopener\">RESOLUCI\u00d3N PAC 2024<\/a><\/p><\/div>\n\t\t\t\t<\/div>\n\t\t\t\t\t\t\t<div class=\"elementor-accordion-item\">\n\t\t\t\t\t<div id=\"elementor-tab-title-2014\" class=\"elementor-tab-title\" data-tab=\"4\" role=\"tab\" aria-controls=\"elementor-tab-content-2014\" aria-expanded=\"false\">\n\t\t\t\t\t\t\t\t\t\t\t\t\t<span class=\"elementor-accordion-icon elementor-accordion-icon-left\" aria-hidden=\"true\">\n\t\t\t\t\t\t\t\t\t\t\t\t\t\t\t<span class=\"elementor-accordion-icon-closed\"><i class=\"fas fa-plus\"><\/i><\/span>\n\t\t\t\t\t\t\t\t<span class=\"elementor-accordion-icon-opened\"><i class=\"fas fa-minus\"><\/i><\/span>\n\t\t\t\t\t\t\t\t\t\t\t\t\t\t<\/span>\n\t\t\t\t\t\t\t\t\t\t\t\t<a class=\"elementor-accordion-title\" href=\"\">2023<\/a>\n\t\t\t\t\t<\/div>\n\t\t\t\t\t<div id=\"elementor-tab-content-2014\" class=\"elementor-tab-content elementor-clearfix\" data-tab=\"4\" role=\"tabpanel\" aria-labelledby=\"elementor-tab-title-2014\"><p><a href=\"https:\/\/www.andec.com.ec\/wp-content\/uploads\/2024\/07\/PAC2023.pdf\"><img loading=\"lazy\" decoding=\"async\" class=\"alignnone size-full wp-image-14192 aligncenter\" src=\"https:\/\/www.andec.com.ec\/wp-content\/uploads\/2021\/11\/ICON-PDF-02.png\" alt=\"\" width=\"126\" height=\"118\" srcset=\"https:\/\/www.andec.com.ec\/wp-content\/uploads\/2021\/11\/ICON-PDF-02.png 126w, https:\/\/www.andec.com.ec\/wp-content\/uploads\/2021\/11\/ICON-PDF-02-13x12.png 13w\" sizes=\"auto, (max-width: 126px) 100vw, 126px\" \/><\/a><\/p><p style=\"text-align: center;\"><a title=\"RESOLUCI\u00d3N PAC 2023\" href=\"https:\/\/www.andec.com.ec\/wp-content\/uploads\/2024\/07\/PAC2023.pdf\" target=\"_blank\" rel=\"noopener\">RESOLUCI\u00d3N PAC 2023<\/a><\/p><\/div>\n\t\t\t\t<\/div>\n\t\t\t\t\t\t\t<div class=\"elementor-accordion-item\">\n\t\t\t\t\t<div id=\"elementor-tab-title-2015\" class=\"elementor-tab-title\" data-tab=\"5\" role=\"tab\" aria-controls=\"elementor-tab-content-2015\" aria-expanded=\"false\">\n\t\t\t\t\t\t\t\t\t\t\t\t\t<span class=\"elementor-accordion-icon elementor-accordion-icon-left\" aria-hidden=\"true\">\n\t\t\t\t\t\t\t\t\t\t\t\t\t\t\t<span class=\"elementor-accordion-icon-closed\"><i class=\"fas fa-plus\"><\/i><\/span>\n\t\t\t\t\t\t\t\t<span class=\"elementor-accordion-icon-opened\"><i class=\"fas fa-minus\"><\/i><\/span>\n\t\t\t\t\t\t\t\t\t\t\t\t\t\t<\/span>\n\t\t\t\t\t\t\t\t\t\t\t\t<a class=\"elementor-accordion-title\" href=\"\">2022<\/a>\n\t\t\t\t\t<\/div>\n\t\t\t\t\t<div id=\"elementor-tab-content-2015\" class=\"elementor-tab-content elementor-clearfix\" data-tab=\"5\" role=\"tabpanel\" aria-labelledby=\"elementor-tab-title-2015\"><p><a href=\"https:\/\/www.andec.com.ec\/wp-content\/uploads\/2022\/01\/PAC2022.pdf\"><img loading=\"lazy\" decoding=\"async\" class=\"alignnone size-full wp-image-14192 aligncenter\" src=\"https:\/\/www.andec.com.ec\/wp-content\/uploads\/2021\/11\/ICON-PDF-02.png\" alt=\"\" width=\"126\" height=\"118\" srcset=\"https:\/\/www.andec.com.ec\/wp-content\/uploads\/2021\/11\/ICON-PDF-02.png 126w, https:\/\/www.andec.com.ec\/wp-content\/uploads\/2021\/11\/ICON-PDF-02-13x12.png 13w\" sizes=\"auto, (max-width: 126px) 100vw, 126px\" \/><\/a><\/p><p style=\"text-align: center;\"><a href=\"https:\/\/www.andec.com.ec\/wp-content\/uploads\/2022\/01\/PAC2022.pdf\" target=\"_blank\" rel=\"noopener\">RESOLUCI\u00d3N PAC 2022<\/a><\/p><\/div>\n\t\t\t\t<\/div>\n\t\t\t\t\t\t\t<div class=\"elementor-accordion-item\">\n\t\t\t\t\t<div id=\"elementor-tab-title-2016\" class=\"elementor-tab-title\" data-tab=\"6\" role=\"tab\" aria-controls=\"elementor-tab-content-2016\" aria-expanded=\"false\">\n\t\t\t\t\t\t\t\t\t\t\t\t\t<span class=\"elementor-accordion-icon elementor-accordion-icon-left\" aria-hidden=\"true\">\n\t\t\t\t\t\t\t\t\t\t\t\t\t\t\t<span class=\"elementor-accordion-icon-closed\"><i class=\"fas fa-plus\"><\/i><\/span>\n\t\t\t\t\t\t\t\t<span class=\"elementor-accordion-icon-opened\"><i class=\"fas fa-minus\"><\/i><\/span>\n\t\t\t\t\t\t\t\t\t\t\t\t\t\t<\/span>\n\t\t\t\t\t\t\t\t\t\t\t\t<a class=\"elementor-accordion-title\" href=\"\">2021<\/a>\n\t\t\t\t\t<\/div>\n\t\t\t\t\t<div id=\"elementor-tab-content-2016\" class=\"elementor-tab-content elementor-clearfix\" data-tab=\"6\" role=\"tabpanel\" aria-labelledby=\"elementor-tab-title-2016\"><a href=\"https:\/\/www.andec.com.ec\/wp-content\/uploads\/2021\/11\/RESOLUCION-PAC-2021.pdf\"><img loading=\"lazy\" decoding=\"async\" class=\"alignnone size-full wp-image-14192 aligncenter\" src=\"https:\/\/www.andec.com.ec\/wp-content\/uploads\/2021\/11\/ICON-PDF-02.png\" alt=\"\" width=\"126\" height=\"118\" srcset=\"https:\/\/www.andec.com.ec\/wp-content\/uploads\/2021\/11\/ICON-PDF-02.png 126w, https:\/\/www.andec.com.ec\/wp-content\/uploads\/2021\/11\/ICON-PDF-02-13x12.png 13w\" sizes=\"auto, (max-width: 126px) 100vw, 126px\" \/><\/a>\n<p style=\"text-align: center;\"><a href=\"https:\/\/www.andec.com.ec\/wp-content\/uploads\/2021\/11\/RESOLUCION-PAC-2021.pdf\" target=\"_blank\" rel=\"noopener\">RESOLUCI\u00d3N PAC 2021<\/a><\/p><\/div>\n\t\t\t\t<\/div>\n\t\t\t\t\t\t\t\t\t\t<script type=\"application\/ld+json\">{\"@context\":\"https:\\\/\\\/schema.org\",\"@type\":\"FAQPage\",\"mainEntity\":[{\"@type\":\"Question\",\"name\":\"2026\",\"acceptedAnswer\":{\"@type\":\"Answer\",\"text\":\"<a href=\\\"https:\\\/\\\/www.andec.com.ec\\\/wp-content\\\/uploads\\\/2026\\\/01\\\/resolucion%20pac%202026%20procesos.pdf\\\"><img class=\\\"alignnone size-full wp-image-14192 aligncenter\\\" src=\\\"https:\\\/\\\/www.andec.com.ec\\\/wp-content\\\/uploads\\\/2021\\\/11\\\/ICON-PDF-02.png\\\" alt=\\\"\\\" width=\\\"126\\\" height=\\\"118\\\" \\\/><\\\/a>\\n<p style=\\\"text-align: center;\\\"><a href=\\\"https:\\\/\\\/www.andec.com.ec\\\/wp-content\\\/uploads\\\/2021\\\/11\\\/RESOLUCION-PAC-2021.pdf\\\" target=\\\"_blank\\\" rel=\\\"noopener\\\">RESOLUCI\\u00d3N PAC 2026<\\\/a><\\\/p>\"}},{\"@type\":\"Question\",\"name\":\"2025\",\"acceptedAnswer\":{\"@type\":\"Answer\",\"text\":\"<p><a href=\\\"https:\\\/\\\/www.andec.com.ec\\\/wp-content\\\/uploads\\\/2025\\\/01\\\/resolucionpacsingiro.pdf\\\"><img class=\\\"alignnone size-full wp-image-14192 aligncenter\\\" src=\\\"https:\\\/\\\/www.andec.com.ec\\\/wp-content\\\/uploads\\\/2021\\\/11\\\/ICON-PDF-02.png\\\" alt=\\\"\\\" width=\\\"126\\\" height=\\\"118\\\" \\\/><\\\/a><\\\/p><p style=\\\"text-align: center;\\\"><a href=\\\"https:\\\/\\\/www.andec.com.ec\\\/wp-content\\\/uploads\\\/2025\\\/01\\\/resolucionpacsingiro.pdf\\\" target=\\\"_blank\\\" rel=\\\"noopener\\\">RESOLUCI\\u00d3N PAC 2025<\\\/a><\\\/p>\"}},{\"@type\":\"Question\",\"name\":\"2024\",\"acceptedAnswer\":{\"@type\":\"Answer\",\"text\":\"<p><a href=\\\"https:\\\/\\\/www.andec.com.ec\\\/wp-content\\\/uploads\\\/2024\\\/07\\\/PAC2024.pdf\\\"><img class=\\\"alignnone size-full wp-image-14192 aligncenter\\\" src=\\\"https:\\\/\\\/www.andec.com.ec\\\/wp-content\\\/uploads\\\/2021\\\/11\\\/ICON-PDF-02.png\\\" alt=\\\"\\\" width=\\\"126\\\" height=\\\"118\\\" \\\/><\\\/a><\\\/p><p style=\\\"text-align: center;\\\"><a href=\\\"https:\\\/\\\/www.andec.com.ec\\\/wp-content\\\/uploads\\\/2024\\\/07\\\/PAC2024.pdf\\\" target=\\\"_blank\\\" rel=\\\"noopener\\\">RESOLUCI\\u00d3N PAC 2024<\\\/a><\\\/p>\"}},{\"@type\":\"Question\",\"name\":\"2023\",\"acceptedAnswer\":{\"@type\":\"Answer\",\"text\":\"<p><a href=\\\"https:\\\/\\\/www.andec.com.ec\\\/wp-content\\\/uploads\\\/2024\\\/07\\\/PAC2023.pdf\\\"><img class=\\\"alignnone size-full wp-image-14192 aligncenter\\\" src=\\\"https:\\\/\\\/www.andec.com.ec\\\/wp-content\\\/uploads\\\/2021\\\/11\\\/ICON-PDF-02.png\\\" alt=\\\"\\\" width=\\\"126\\\" height=\\\"118\\\" \\\/><\\\/a><\\\/p><p style=\\\"text-align: center;\\\"><a title=\\\"RESOLUCI\\u00d3N PAC 2023\\\" href=\\\"https:\\\/\\\/www.andec.com.ec\\\/wp-content\\\/uploads\\\/2024\\\/07\\\/PAC2023.pdf\\\" target=\\\"_blank\\\" rel=\\\"noopener\\\">RESOLUCI\\u00d3N PAC 2023<\\\/a><\\\/p>\"}},{\"@type\":\"Question\",\"name\":\"2022\",\"acceptedAnswer\":{\"@type\":\"Answer\",\"text\":\"<p><a href=\\\"https:\\\/\\\/www.andec.com.ec\\\/wp-content\\\/uploads\\\/2022\\\/01\\\/PAC2022.pdf\\\"><img class=\\\"alignnone size-full wp-image-14192 aligncenter\\\" src=\\\"https:\\\/\\\/www.andec.com.ec\\\/wp-content\\\/uploads\\\/2021\\\/11\\\/ICON-PDF-02.png\\\" alt=\\\"\\\" width=\\\"126\\\" height=\\\"118\\\" \\\/><\\\/a><\\\/p><p style=\\\"text-align: center;\\\"><a href=\\\"https:\\\/\\\/www.andec.com.ec\\\/wp-content\\\/uploads\\\/2022\\\/01\\\/PAC2022.pdf\\\" target=\\\"_blank\\\" rel=\\\"noopener\\\">RESOLUCI\\u00d3N PAC 2022<\\\/a><\\\/p>\"}},{\"@type\":\"Question\",\"name\":\"2021\",\"acceptedAnswer\":{\"@type\":\"Answer\",\"text\":\"<a href=\\\"https:\\\/\\\/www.andec.com.ec\\\/wp-content\\\/uploads\\\/2021\\\/11\\\/RESOLUCION-PAC-2021.pdf\\\"><img class=\\\"alignnone size-full wp-image-14192 aligncenter\\\" src=\\\"https:\\\/\\\/www.andec.com.ec\\\/wp-content\\\/uploads\\\/2021\\\/11\\\/ICON-PDF-02.png\\\" alt=\\\"\\\" width=\\\"126\\\" height=\\\"118\\\" \\\/><\\\/a>\\n<p style=\\\"text-align: center;\\\"><a href=\\\"https:\\\/\\\/www.andec.com.ec\\\/wp-content\\\/uploads\\\/2021\\\/11\\\/RESOLUCION-PAC-2021.pdf\\\" target=\\\"_blank\\\" rel=\\\"noopener\\\">RESOLUCI\\u00d3N PAC 2021<\\\/a><\\\/p>\"}}]}<\/script>\n\t\t\t\t\t<\/div>\n\t\t\t\t<\/div>\n\t\t\t\t<\/div>\n\t\t\t\t\t<\/div>\n\t\t<\/div>\n\t\t\t\t\t\t\t<\/div>\n\t\t<\/section>\n\t\t\t\t\t\t<\/div>\n\t\t\t\t\t<\/div>","protected":false},"excerpt":{"rendered":"<p>PAC 2026 RESOLUCI\u00d3N PAC 2026 2025 RESOLUCI\u00d3N PAC 2025 2024 RESOLUCI\u00d3N PAC 2024 2023 RESOLUCI\u00d3N PAC 2023 2022 RESOLUCI\u00d3N PAC 2022 2021 RESOLUCI\u00d3N PAC 2021<\/p>","protected":false},"author":1,"featured_media":0,"parent":0,"menu_order":0,"comment_status":"closed","ping_status":"closed","template":"","meta":{"_monsterinsights_skip_tracking":false,"_monsterinsights_sitenote_active":false,"_monsterinsights_sitenote_note":"","_monsterinsights_sitenote_category":0,"_expiration-date-status":"","_expiration-date":0,"_expiration-date-type":"","_expiration-date-categories":[],"_expiration-date-options":[],"_joinchat":[],"footnotes":""},"class_list":["post-12230","page","type-page","status-publish","hentry"],"_links":{"self":[{"href":"https:\/\/www.andec.com.ec\/en\/wp-json\/wp\/v2\/pages\/12230","targetHints":{"allow":["GET"]}}],"collection":[{"href":"https:\/\/www.andec.com.ec\/en\/wp-json\/wp\/v2\/pages"}],"about":[{"href":"https:\/\/www.andec.com.ec\/en\/wp-json\/wp\/v2\/types\/page"}],"author":[{"embeddable":true,"href":"https:\/\/www.andec.com.ec\/en\/wp-json\/wp\/v2\/users\/1"}],"replies":[{"embeddable":true,"href":"https:\/\/www.andec.com.ec\/en\/wp-json\/wp\/v2\/comments?post=12230"}],"version-history":[{"count":118,"href":"https:\/\/www.andec.com.ec\/en\/wp-json\/wp\/v2\/pages\/12230\/revisions"}],"predecessor-version":[{"id":18560,"href":"https:\/\/www.andec.com.ec\/en\/wp-json\/wp\/v2\/pages\/12230\/revisions\/18560"}],"wp:attachment":[{"href":"https:\/\/www.andec.com.ec\/en\/wp-json\/wp\/v2\/media?parent=12230"}],"curies":[{"name":"wp","href":"https:\/\/api.w.org\/{rel}","templated":true}]}}