{"id":1458,"date":"2018-12-17T08:46:49","date_gmt":"2018-12-17T08:46:49","guid":{"rendered":"https:\/\/wilmer.qodeinteractive.com\/elementor\/?page_id=1458"},"modified":"2025-05-20T16:24:46","modified_gmt":"2025-05-20T21:24:46","slug":"certificaciones","status":"publish","type":"page","link":"https:\/\/www.andec.com.ec\/en\/certificaciones\/","title":{"rendered":"Certificaciones"},"content":{"rendered":"<div data-elementor-type=\"wp-page\" data-elementor-id=\"1458\" class=\"elementor elementor-1458\" data-elementor-settings=\"[]\">\n\t\t\t\t\t\t\t<div class=\"elementor-section-wrap\">\n\t\t\t\t\t\t\t<section class=\"elementor-section elementor-top-section elementor-element elementor-element-2c5ff7c0 elementor-section-height-min-height elementor-section-stretched elementor-section-boxed elementor-section-height-default elementor-section-items-middle mkdf-parallax-row-no mkdf-content-aligment-left mkdf-elementor-row-grid-no mkdf-disabled-bg-image-bellow-no mkdf-row-btt-light\" data-id=\"2c5ff7c0\" data-element_type=\"section\" data-settings=\"{&quot;stretch_section&quot;:&quot;section-stretched&quot;,&quot;background_background&quot;:&quot;classic&quot;}\">\n\t\t\t\t\t\t<div class=\"elementor-container elementor-column-gap-default\">\n\t\t\t\t\t<div class=\"elementor-column elementor-col-100 elementor-top-column elementor-element elementor-element-3a85c828\" data-id=\"3a85c828\" data-element_type=\"column\">\n\t\t\t<div class=\"elementor-widget-wrap elementor-element-populated\">\n\t\t\t\t\t\t\t\t<div class=\"elementor-element elementor-element-7595b9a elementor-widget elementor-widget-heading\" data-id=\"7595b9a\" data-element_type=\"widget\" data-widget_type=\"heading.default\">\n\t\t\t\t<div class=\"elementor-widget-container\">\n\t\t\t<h1 class=\"elementor-heading-title elementor-size-default\">CERTIFICACIONES<\/h1>\t\t<\/div>\n\t\t\t\t<\/div>\n\t\t\t\t<div class=\"elementor-element elementor-element-4fc68809 elementor-widget-divider--view-line elementor-widget elementor-widget-divider\" data-id=\"4fc68809\" data-element_type=\"widget\" data-widget_type=\"divider.default\">\n\t\t\t\t<div class=\"elementor-widget-container\">\n\t\t\t\t\t<div class=\"elementor-divider\">\n\t\t\t<span class=\"elementor-divider-separator\">\n\t\t\t\t\t\t<\/span>\n\t\t<\/div>\n\t\t\t\t<\/div>\n\t\t\t\t<\/div>\n\t\t\t\t\t<\/div>\n\t\t<\/div>\n\t\t\t\t\t\t\t<\/div>\n\t\t<\/section>\n\t\t\t\t<div class=\"elementor-section elementor-top-section elementor-element elementor-element-69cefdb elementor-section-stretched elementor-section-boxed elementor-section-height-default elementor-section-height-default mkdf-parallax-row-no mkdf-content-aligment-left mkdf-elementor-row-grid-no mkdf-disabled-bg-image-bellow-no mkdf-row-btt-light\" data-id=\"69cefdb\" data-element_type=\"section\" data-settings=\"{&quot;stretch_section&quot;:&quot;section-stretched&quot;,&quot;background_background&quot;:&quot;classic&quot;}\">\n\t\t\t\t\t\t<div class=\"elementor-container elementor-column-gap-default\">\n\t\t\t\t\t<div class=\"elementor-column elementor-col-100 elementor-top-column elementor-element elementor-element-009a87f\" data-id=\"009a87f\" data-element_type=\"column\">\n\t\t\t<div class=\"elementor-widget-wrap elementor-element-populated\">\n\t\t\t\t\t\t\t\t<div class=\"elementor-section elementor-inner-section elementor-element elementor-element-6c2d7e5 elementor-section-full_width elementor-section-height-default elementor-section-height-default mkdf-parallax-row-no mkdf-content-aligment-left mkdf-elementor-row-grid-no mkdf-disabled-bg-image-bellow-no mkdf-row-btt-light\" data-id=\"6c2d7e5\" data-element_type=\"section\">\n\t\t\t\t\t\t<div class=\"elementor-container elementor-column-gap-default\">\n\t\t\t\t\t<div class=\"elementor-column elementor-col-33 elementor-inner-column elementor-element elementor-element-d1983a0\" data-id=\"d1983a0\" data-element_type=\"column\">\n\t\t\t<div class=\"elementor-widget-wrap\">\n\t\t\t\t\t\t\t\t\t<\/div>\n\t\t<\/div>\n\t\t\t\t<div class=\"elementor-column elementor-col-33 elementor-inner-column elementor-element elementor-element-42fbe8e\" data-id=\"42fbe8e\" data-element_type=\"column\">\n\t\t\t<div class=\"elementor-widget-wrap elementor-element-populated\">\n\t\t\t\t\t\t\t\t<div class=\"elementor-element elementor-element-bfe8c80 elementor-widget elementor-widget-image\" data-id=\"bfe8c80\" data-element_type=\"widget\" data-widget_type=\"image.default\">\n\t\t\t\t<div class=\"elementor-widget-container\">\n\t\t\t\t\t\t\t\t\t\t\t\t\t\t\t<img loading=\"lazy\" decoding=\"async\" width=\"285\" height=\"120\" src=\"https:\/\/www.andec.com.ec\/wp-content\/uploads\/2021\/10\/Sellos-de-calidad-INEN-A-sus-productos-desde-1986.-1-e1637070705496.png\" class=\"attachment-large size-large\" alt=\"certificaciones\" srcset=\"https:\/\/www.andec.com.ec\/wp-content\/uploads\/2021\/10\/Sellos-de-calidad-INEN-A-sus-productos-desde-1986.-1-e1637070705496.png 285w, https:\/\/www.andec.com.ec\/wp-content\/uploads\/2021\/10\/Sellos-de-calidad-INEN-A-sus-productos-desde-1986.-1-e1637070705496-18x8.png 18w\" sizes=\"auto, (max-width: 285px) 100vw, 285px\" \/>\t\t\t\t\t\t\t\t\t\t\t\t\t\t\t<\/div>\n\t\t\t\t<\/div>\n\t\t\t\t<div class=\"elementor-element elementor-element-883b63c elementor-widget elementor-widget-heading\" data-id=\"883b63c\" data-element_type=\"widget\" data-widget_type=\"heading.default\">\n\t\t\t\t<div class=\"elementor-widget-container\">\n\t\t\t<span class=\"elementor-heading-title elementor-size-default\">Sellos de calidad INEN\nproductos ANDEC certificados con Sello de Calidad INEN desde 1986.\n<\/span>\t\t<\/div>\n\t\t\t\t<\/div>\n\t\t\t\t\t<\/div>\n\t\t<\/div>\n\t\t\t\t<div class=\"elementor-column elementor-col-33 elementor-inner-column elementor-element elementor-element-0cb6f4e\" data-id=\"0cb6f4e\" data-element_type=\"column\">\n\t\t\t<div class=\"elementor-widget-wrap\">\n\t\t\t\t\t\t\t\t\t<\/div>\n\t\t<\/div>\n\t\t\t\t\t\t\t<\/div>\n\t\t<\/div>\n\t\t\t\t<div class=\"elementor-section elementor-inner-section elementor-element elementor-element-3e401d7 elementor-section-full_width elementor-section-height-default elementor-section-height-default mkdf-parallax-row-no mkdf-content-aligment-left mkdf-elementor-row-grid-no mkdf-disabled-bg-image-bellow-no mkdf-row-btt-light\" data-id=\"3e401d7\" data-element_type=\"section\">\n\t\t\t\t\t\t<div class=\"elementor-container elementor-column-gap-default\">\n\t\t\t\t\t<div class=\"elementor-column elementor-col-33 elementor-inner-column elementor-element elementor-element-c353022\" data-id=\"c353022\" data-element_type=\"column\">\n\t\t\t<div class=\"elementor-widget-wrap elementor-element-populated\">\n\t\t\t\t\t\t\t\t<div class=\"elementor-element elementor-element-c565ebf elementor-widget elementor-widget-image\" data-id=\"c565ebf\" data-element_type=\"widget\" data-widget_type=\"image.default\">\n\t\t\t\t<div class=\"elementor-widget-container\">\n\t\t\t\t\t\t\t\t\t\t\t\t\t\t\t<img loading=\"lazy\" decoding=\"async\" width=\"466\" height=\"272\" src=\"https:\/\/www.andec.com.ec\/wp-content\/uploads\/2025\/05\/BVCER_SansQR-ISO-9001-14001-45001.png\" class=\"attachment-large size-large\" alt=\"\" srcset=\"https:\/\/www.andec.com.ec\/wp-content\/uploads\/2025\/05\/BVCER_SansQR-ISO-9001-14001-45001.png 466w, https:\/\/www.andec.com.ec\/wp-content\/uploads\/2025\/05\/BVCER_SansQR-ISO-9001-14001-45001-300x175.png 300w, https:\/\/www.andec.com.ec\/wp-content\/uploads\/2025\/05\/BVCER_SansQR-ISO-9001-14001-45001-18x12.png 18w\" sizes=\"auto, (max-width: 466px) 100vw, 466px\" \/>\t\t\t\t\t\t\t\t\t\t\t\t\t\t\t<\/div>\n\t\t\t\t<\/div>\n\t\t\t\t<div class=\"elementor-element elementor-element-cf7fdd2 elementor-widget elementor-widget-heading\" data-id=\"cf7fdd2\" data-element_type=\"widget\" data-widget_type=\"heading.default\">\n\t\t\t\t<div class=\"elementor-widget-container\">\n\t\t\t<span class=\"elementor-heading-title elementor-size-default\">Sistema de gesti\u00f3n de calidad <br>ISO 9001:2015<br>iso 14001:2015<br>iso 45001:2018\n<\/span>\t\t<\/div>\n\t\t\t\t<\/div>\n\t\t\t\t\t<\/div>\n\t\t<\/div>\n\t\t\t\t<div class=\"elementor-column elementor-col-33 elementor-inner-column elementor-element elementor-element-7503a42\" data-id=\"7503a42\" data-element_type=\"column\">\n\t\t\t<div class=\"elementor-widget-wrap elementor-element-populated\">\n\t\t\t\t\t\t\t\t<div class=\"elementor-element elementor-element-0bd530c elementor-widget elementor-widget-image\" data-id=\"0bd530c\" data-element_type=\"widget\" data-widget_type=\"image.default\">\n\t\t\t\t<div class=\"elementor-widget-container\">\n\t\t\t\t\t\t\t\t\t\t\t\t\t\t\t<img loading=\"lazy\" decoding=\"async\" width=\"300\" height=\"300\" src=\"https:\/\/www.andec.com.ec\/wp-content\/uploads\/2021\/11\/Certificacion-de-Producto-Fabricado-en-Ecuador.png\" class=\"attachment-large size-large\" alt=\"\" srcset=\"https:\/\/www.andec.com.ec\/wp-content\/uploads\/2021\/11\/Certificacion-de-Producto-Fabricado-en-Ecuador.png 300w, https:\/\/www.andec.com.ec\/wp-content\/uploads\/2021\/11\/Certificacion-de-Producto-Fabricado-en-Ecuador-150x150.png 150w, https:\/\/www.andec.com.ec\/wp-content\/uploads\/2021\/11\/Certificacion-de-Producto-Fabricado-en-Ecuador-12x12.png 12w, https:\/\/www.andec.com.ec\/wp-content\/uploads\/2021\/11\/Certificacion-de-Producto-Fabricado-en-Ecuador-100x100.png 100w\" sizes=\"auto, (max-width: 300px) 100vw, 300px\" \/>\t\t\t\t\t\t\t\t\t\t\t\t\t\t\t<\/div>\n\t\t\t\t<\/div>\n\t\t\t\t<div class=\"elementor-element elementor-element-5bba19c elementor-widget elementor-widget-heading\" data-id=\"5bba19c\" data-element_type=\"widget\" data-widget_type=\"heading.default\">\n\t\t\t\t<div class=\"elementor-widget-container\">\n\t\t\t<span class=\"elementor-heading-title elementor-size-default\">Certificaci\u00f3n de Producto Fabricado en Ecuador.<\/span>\t\t<\/div>\n\t\t\t\t<\/div>\n\t\t\t\t\t<\/div>\n\t\t<\/div>\n\t\t\t\t<div class=\"elementor-column elementor-col-33 elementor-inner-column elementor-element elementor-element-cda219e\" data-id=\"cda219e\" data-element_type=\"column\">\n\t\t\t<div class=\"elementor-widget-wrap elementor-element-populated\">\n\t\t\t\t\t\t\t\t<div class=\"elementor-element elementor-element-2e9a8a4 elementor-widget elementor-widget-image\" data-id=\"2e9a8a4\" data-element_type=\"widget\" data-widget_type=\"image.default\">\n\t\t\t\t<div class=\"elementor-widget-container\">\n\t\t\t\t\t\t\t\t\t\t\t\t\t\t\t<img loading=\"lazy\" decoding=\"async\" width=\"473\" height=\"446\" src=\"https:\/\/www.andec.com.ec\/wp-content\/uploads\/2025\/05\/certificacion-punto-verde.png\" class=\"attachment-large size-large\" alt=\"\" srcset=\"https:\/\/www.andec.com.ec\/wp-content\/uploads\/2025\/05\/certificacion-punto-verde.png 473w, https:\/\/www.andec.com.ec\/wp-content\/uploads\/2025\/05\/certificacion-punto-verde-300x283.png 300w, https:\/\/www.andec.com.ec\/wp-content\/uploads\/2025\/05\/certificacion-punto-verde-13x12.png 13w\" sizes=\"auto, (max-width: 473px) 100vw, 473px\" \/>\t\t\t\t\t\t\t\t\t\t\t\t\t\t\t<\/div>\n\t\t\t\t<\/div>\n\t\t\t\t<div class=\"elementor-element elementor-element-49a4698 elementor-widget elementor-widget-heading\" data-id=\"49a4698\" data-element_type=\"widget\" data-widget_type=\"heading.default\">\n\t\t\t\t<div class=\"elementor-widget-container\">\n\t\t\t<span class=\"elementor-heading-title elementor-size-default\">punto verde producci\u00f3n m\u00e1s limpia.<\/span>\t\t<\/div>\n\t\t\t\t<\/div>\n\t\t\t\t\t<\/div>\n\t\t<\/div>\n\t\t\t\t\t\t\t<\/div>\n\t\t<\/div>\n\t\t\t\t<div class=\"elementor-section elementor-inner-section elementor-element elementor-element-dcc4114 elementor-section-full_width elementor-section-height-default elementor-section-height-default mkdf-parallax-row-no mkdf-content-aligment-left mkdf-elementor-row-grid-no mkdf-disabled-bg-image-bellow-no mkdf-row-btt-light\" data-id=\"dcc4114\" data-element_type=\"section\">\n\t\t\t\t\t\t<div class=\"elementor-container elementor-column-gap-default\">\n\t\t\t\t\t<div class=\"elementor-column elementor-col-33 elementor-inner-column elementor-element elementor-element-3a4c2ad\" data-id=\"3a4c2ad\" data-element_type=\"column\">\n\t\t\t<div class=\"elementor-widget-wrap elementor-element-populated\">\n\t\t\t\t\t\t\t\t<div class=\"elementor-element elementor-element-d691536 elementor-widget elementor-widget-image\" data-id=\"d691536\" data-element_type=\"widget\" data-widget_type=\"image.default\">\n\t\t\t\t<div class=\"elementor-widget-container\">\n\t\t\t\t\t\t\t\t\t\t\t\t\t\t\t<img loading=\"lazy\" decoding=\"async\" width=\"300\" height=\"300\" src=\"https:\/\/www.andec.com.ec\/wp-content\/uploads\/2021\/11\/1er-Laboratorio-de-ensayo-acreditado-a-nivel-de-empresas-siderurgicas-en-el-Ecuador.png\" class=\"attachment-large size-large\" alt=\"\" srcset=\"https:\/\/www.andec.com.ec\/wp-content\/uploads\/2021\/11\/1er-Laboratorio-de-ensayo-acreditado-a-nivel-de-empresas-siderurgicas-en-el-Ecuador.png 300w, https:\/\/www.andec.com.ec\/wp-content\/uploads\/2021\/11\/1er-Laboratorio-de-ensayo-acreditado-a-nivel-de-empresas-siderurgicas-en-el-Ecuador-150x150.png 150w, https:\/\/www.andec.com.ec\/wp-content\/uploads\/2021\/11\/1er-Laboratorio-de-ensayo-acreditado-a-nivel-de-empresas-siderurgicas-en-el-Ecuador-12x12.png 12w, https:\/\/www.andec.com.ec\/wp-content\/uploads\/2021\/11\/1er-Laboratorio-de-ensayo-acreditado-a-nivel-de-empresas-siderurgicas-en-el-Ecuador-100x100.png 100w\" sizes=\"auto, (max-width: 300px) 100vw, 300px\" \/>\t\t\t\t\t\t\t\t\t\t\t\t\t\t\t<\/div>\n\t\t\t\t<\/div>\n\t\t\t\t<div class=\"elementor-element elementor-element-a01b669 elementor-widget elementor-widget-heading\" data-id=\"a01b669\" data-element_type=\"widget\" data-widget_type=\"heading.default\">\n\t\t\t\t<div class=\"elementor-widget-container\">\n\t\t\t<span class=\"elementor-heading-title elementor-size-default\">Laboratorio de Calidad Acreditado bajo norma t\u00e9cnica  ISO 17025 Campo de Ensayo: Ensayos Mec\u00e1nicos en Acero.<\/span>\t\t<\/div>\n\t\t\t\t<\/div>\n\t\t\t\t\t<\/div>\n\t\t<\/div>\n\t\t\t\t<div class=\"elementor-column elementor-col-33 elementor-inner-column elementor-element elementor-element-b59d728\" data-id=\"b59d728\" data-element_type=\"column\">\n\t\t\t<div class=\"elementor-widget-wrap elementor-element-populated\">\n\t\t\t\t\t\t\t\t<div class=\"elementor-element elementor-element-44af2db elementor-widget elementor-widget-image\" data-id=\"44af2db\" data-element_type=\"widget\" data-widget_type=\"image.default\">\n\t\t\t\t<div class=\"elementor-widget-container\">\n\t\t\t\t\t\t\t\t\t\t\t\t\t\t\t<img loading=\"lazy\" decoding=\"async\" width=\"451\" height=\"445\" src=\"https:\/\/www.andec.com.ec\/wp-content\/uploads\/2025\/05\/Logo-PECC-Nivel-1-Cuantificacion-1.png\" class=\"attachment-large size-large\" alt=\"\" srcset=\"https:\/\/www.andec.com.ec\/wp-content\/uploads\/2025\/05\/Logo-PECC-Nivel-1-Cuantificacion-1.png 451w, https:\/\/www.andec.com.ec\/wp-content\/uploads\/2025\/05\/Logo-PECC-Nivel-1-Cuantificacion-1-300x296.png 300w, https:\/\/www.andec.com.ec\/wp-content\/uploads\/2025\/05\/Logo-PECC-Nivel-1-Cuantificacion-1-12x12.png 12w\" sizes=\"auto, (max-width: 451px) 100vw, 451px\" \/>\t\t\t\t\t\t\t\t\t\t\t\t\t\t\t<\/div>\n\t\t\t\t<\/div>\n\t\t\t\t<div class=\"elementor-element elementor-element-1a31257 elementor-widget elementor-widget-heading\" data-id=\"1a31257\" data-element_type=\"widget\" data-widget_type=\"heading.default\">\n\t\t\t\t<div class=\"elementor-widget-container\">\n\t\t\t<span class=\"elementor-heading-title elementor-size-medium\">Ecuador carbono cero cuantificaci\u00f3n.<\/span>\t\t<\/div>\n\t\t\t\t<\/div>\n\t\t\t\t\t<\/div>\n\t\t<\/div>\n\t\t\t\t<div class=\"elementor-column elementor-col-33 elementor-inner-column elementor-element elementor-element-e4233d2\" data-id=\"e4233d2\" data-element_type=\"column\">\n\t\t\t<div class=\"elementor-widget-wrap elementor-element-populated\">\n\t\t\t\t\t\t\t\t<div class=\"elementor-element elementor-element-0455e28 elementor-widget elementor-widget-image\" data-id=\"0455e28\" data-element_type=\"widget\" data-widget_type=\"image.default\">\n\t\t\t\t<div class=\"elementor-widget-container\">\n\t\t\t\t\t\t\t\t\t\t\t\t\t\t\t<img loading=\"lazy\" decoding=\"async\" width=\"1024\" height=\"1024\" src=\"https:\/\/www.andec.com.ec\/wp-content\/uploads\/2021\/09\/Sin-titulo-1.png\" class=\"attachment-large size-large\" alt=\"\" srcset=\"https:\/\/www.andec.com.ec\/wp-content\/uploads\/2021\/09\/Sin-titulo-1.png 1024w, https:\/\/www.andec.com.ec\/wp-content\/uploads\/2021\/09\/Sin-titulo-1-300x300.png 300w, https:\/\/www.andec.com.ec\/wp-content\/uploads\/2021\/09\/Sin-titulo-1-150x150.png 150w, https:\/\/www.andec.com.ec\/wp-content\/uploads\/2021\/09\/Sin-titulo-1-768x768.png 768w, https:\/\/www.andec.com.ec\/wp-content\/uploads\/2021\/09\/Sin-titulo-1-12x12.png 12w, https:\/\/www.andec.com.ec\/wp-content\/uploads\/2021\/09\/Sin-titulo-1-650x650.png 650w\" sizes=\"auto, (max-width: 1024px) 100vw, 1024px\" \/>\t\t\t\t\t\t\t\t\t\t\t\t\t\t\t<\/div>\n\t\t\t\t<\/div>\n\t\t\t\t<div class=\"elementor-element elementor-element-adf21c9 elementor-widget elementor-widget-heading\" data-id=\"adf21c9\" data-element_type=\"widget\" data-widget_type=\"heading.default\">\n\t\t\t\t<div class=\"elementor-widget-container\">\n\t\t\t<span class=\"elementor-heading-title elementor-size-default\">MIEMBRO DE LA ASOCIACI\u00d3N LATINOAMERICANA DEL ACERO.<\/span>\t\t<\/div>\n\t\t\t\t<\/div>\n\t\t\t\t\t<\/div>\n\t\t<\/div>\n\t\t\t\t\t\t\t<\/div>\n\t\t<\/div>\n\t\t\t\t\t<\/div>\n\t\t<\/div>\n\t\t\t\t\t\t\t<\/div>\n\t\t<\/div>\n\t\t\t\t<section class=\"elementor-section elementor-top-section elementor-element elementor-element-1114138 elementor-hidden-desktop elementor-hidden-tablet elementor-hidden-mobile elementor-section-boxed elementor-section-height-default elementor-section-height-default mkdf-parallax-row-no mkdf-content-aligment-left mkdf-elementor-row-grid-no mkdf-disabled-bg-image-bellow-no mkdf-row-btt-light\" data-id=\"1114138\" data-element_type=\"section\">\n\t\t\t\t\t\t<div class=\"elementor-container elementor-column-gap-default\">\n\t\t\t\t\t<div class=\"elementor-column elementor-col-100 elementor-top-column elementor-element elementor-element-e53eea1\" data-id=\"e53eea1\" data-element_type=\"column\">\n\t\t\t<div class=\"elementor-widget-wrap elementor-element-populated\">\n\t\t\t\t\t\t\t\t<div class=\"elementor-element elementor-element-20885da elementor-widget elementor-widget-text-editor\" data-id=\"20885da\" data-element_type=\"widget\" data-widget_type=\"text-editor.default\">\n\t\t\t\t<div class=\"elementor-widget-container\">\n\t\t\t\t\t\t\t<p><a href=\"https:\/\/www.andec.com.ec\/en\/nuestra-historia\/\">la empresa<\/a><\/p><p><a href=\"https:\/\/www.instagram.com\/andec_sa\/\" rel=\"noopener\">s\u00edguenos<\/a><\/p>\t\t\t\t\t\t<\/div>\n\t\t\t\t<\/div>\n\t\t\t\t<div class=\"elementor-element elementor-element-c777980 elementor-widget elementor-widget-heading\" data-id=\"c777980\" data-element_type=\"widget\" data-widget_type=\"heading.default\">\n\t\t\t\t<div class=\"elementor-widget-container\">\n\t\t\t<h2 class=\"elementor-heading-title elementor-size-default\">certificaciones<\/h2>\t\t<\/div>\n\t\t\t\t<\/div>\n\t\t\t\t\t<\/div>\n\t\t<\/div>\n\t\t\t\t\t\t\t<\/div>\n\t\t<\/section>\n\t\t\t\t\t\t<\/div>\n\t\t\t\t\t<\/div>","protected":false},"excerpt":{"rendered":"<p>CERTIFICACIONES Sellos de calidad INEN productos ANDEC certificados con Sello de Calidad INEN desde 1986. Sistema de gesti\u00f3n de calidad ISO 9001:2015iso 14001:2015iso 45001:2018 Certificaci\u00f3n de Producto Fabricado en Ecuador. punto verde producci\u00f3n m\u00e1s limpia. Laboratorio de Calidad Acreditado bajo norma t\u00e9cnica ISO 17025 Campo de Ensayo: Ensayos Mec\u00e1nicos en Acero. Ecuador carbono cero cuantificaci\u00f3n. MIEMBRO DE LA ASOCIACI\u00d3N LATINOAMERICANA DEL ACERO. la empresa s\u00edguenos certificaciones<\/p>","protected":false},"author":1,"featured_media":0,"parent":0,"menu_order":0,"comment_status":"closed","ping_status":"closed","template":"elementor_header_footer","meta":{"_monsterinsights_skip_tracking":false,"_monsterinsights_sitenote_active":false,"_monsterinsights_sitenote_note":"","_monsterinsights_sitenote_category":0,"_expiration-date-status":"","_expiration-date":0,"_expiration-date-type":"","_expiration-date-categories":[],"_expiration-date-options":[],"_joinchat":[],"footnotes":""},"class_list":["post-1458","page","type-page","status-publish","hentry"],"_links":{"self":[{"href":"https:\/\/www.andec.com.ec\/en\/wp-json\/wp\/v2\/pages\/1458","targetHints":{"allow":["GET"]}}],"collection":[{"href":"https:\/\/www.andec.com.ec\/en\/wp-json\/wp\/v2\/pages"}],"about":[{"href":"https:\/\/www.andec.com.ec\/en\/wp-json\/wp\/v2\/types\/page"}],"author":[{"embeddable":true,"href":"https:\/\/www.andec.com.ec\/en\/wp-json\/wp\/v2\/users\/1"}],"replies":[{"embeddable":true,"href":"https:\/\/www.andec.com.ec\/en\/wp-json\/wp\/v2\/comments?post=1458"}],"version-history":[{"count":114,"href":"https:\/\/www.andec.com.ec\/en\/wp-json\/wp\/v2\/pages\/1458\/revisions"}],"predecessor-version":[{"id":18449,"href":"https:\/\/www.andec.com.ec\/en\/wp-json\/wp\/v2\/pages\/1458\/revisions\/18449"}],"wp:attachment":[{"href":"https:\/\/www.andec.com.ec\/en\/wp-json\/wp\/v2\/media?parent=1458"}],"curies":[{"name":"wp","href":"https:\/\/api.w.org\/{rel}","templated":true}]}}